{"id":1418,"date":"2025-02-10T07:53:34","date_gmt":"2025-02-10T06:53:34","guid":{"rendered":"https:\/\/fjallspirit.com\/huskytours\/"},"modified":"2025-11-23T20:27:12","modified_gmt":"2025-11-23T19:27:12","slug":"huskytours","status":"publish","type":"page","link":"https:\/\/fjallspirit.com\/de\/huskytours\/","title":{"rendered":"Huskytours"},"content":{"rendered":"\t\t<div data-elementor-type=\"wp-page\" data-elementor-id=\"1418\" class=\"elementor elementor-1418 elementor-249\" data-elementor-post-type=\"page\">\n\t\t\t\t\t\t<section class=\"elementor-section elementor-top-section elementor-element elementor-element-9a18fc3 elementor-section-boxed elementor-section-height-default elementor-section-height-default\" data-id=\"9a18fc3\" data-element_type=\"section\" data-e-type=\"section\" data-settings=\"{&quot;background_background&quot;:&quot;classic&quot;}\">\n\t\t\t\t\t\t\t<div class=\"elementor-background-overlay\"><\/div>\n\t\t\t\t\t\t\t<div class=\"elementor-container elementor-column-gap-default\">\n\t\t\t\t\t<div class=\"elementor-column elementor-col-100 elementor-top-column elementor-element elementor-element-217c90c\" data-id=\"217c90c\" data-element_type=\"column\" data-e-type=\"column\">\n\t\t\t<div class=\"elementor-widget-wrap elementor-element-populated\">\n\t\t\t\t\t\t<div class=\"elementor-element elementor-element-d6f342d elementor-widget elementor-widget-heading\" data-id=\"d6f342d\" data-element_type=\"widget\" data-e-type=\"widget\" data-widget_type=\"heading.default\">\n\t\t\t\t\t<h1 class=\"elementor-heading-title elementor-size-default\">Huskytours<\/h1>\t\t\t\t<\/div>\n\t\t\t\t<div class=\"elementor-element elementor-element-1152441 elementor-widget elementor-widget-text-editor\" data-id=\"1152441\" data-element_type=\"widget\" data-e-type=\"widget\" data-widget_type=\"text-editor.default\">\n\t\t\t\t\t\t\t\t\t<p>Treffen Sie unsere Huskys und erleben Sie das ultimative Wintererlebnis in Schweden. Von der Vorbereitung der Hunde bis zum Fahren des Schlittens &#8211; dieses Erlebnis wird Sie in die Magie der skandinavischen Natur eintauchen lassen. <\/p>\t\t\t\t\t\t\t\t<\/div>\n\t\t\t\t\t<\/div>\n\t\t<\/div>\n\t\t\t\t\t<\/div>\n\t\t<\/section>\n\t\t\t\t<section class=\"elementor-section elementor-top-section elementor-element elementor-element-bb4d619 elementor-section-boxed elementor-section-height-default elementor-section-height-default\" data-id=\"bb4d619\" data-element_type=\"section\" data-e-type=\"section\">\n\t\t\t\t\t\t<div class=\"elementor-container elementor-column-gap-default\">\n\t\t\t\t\t<div class=\"elementor-column elementor-col-50 elementor-top-column elementor-element elementor-element-93ce248\" data-id=\"93ce248\" data-element_type=\"column\" data-e-type=\"column\">\n\t\t\t<div class=\"elementor-widget-wrap elementor-element-populated\">\n\t\t\t\t\t\t<div class=\"elementor-element elementor-element-ab99992 elementor-widget elementor-widget-image\" data-id=\"ab99992\" data-element_type=\"widget\" data-e-type=\"widget\" data-widget_type=\"image.default\">\n\t\t\t\t\t\t\t\t\t\t\t\t\t\t\t<img fetchpriority=\"high\" decoding=\"async\" width=\"800\" height=\"600\" src=\"https:\/\/fjallspirit.com\/wp-content\/uploads\/2025\/11\/P1030210-1024x768.jpg\" class=\"attachment-large size-large wp-image-1598\" alt=\"\" srcset=\"https:\/\/fjallspirit.com\/wp-content\/uploads\/2025\/11\/P1030210-1024x768.jpg 1024w, https:\/\/fjallspirit.com\/wp-content\/uploads\/2025\/11\/P1030210-300x225.jpg 300w, https:\/\/fjallspirit.com\/wp-content\/uploads\/2025\/11\/P1030210-768x576.jpg 768w, https:\/\/fjallspirit.com\/wp-content\/uploads\/2025\/11\/P1030210-1536x1152.jpg 1536w, https:\/\/fjallspirit.com\/wp-content\/uploads\/2025\/11\/P1030210-2048x1536.jpg 2048w\" sizes=\"(max-width: 800px) 100vw, 800px\" \/>\t\t\t\t\t\t\t\t\t\t\t\t\t\t\t<\/div>\n\t\t\t\t\t<\/div>\n\t\t<\/div>\n\t\t\t\t<div class=\"elementor-column elementor-col-50 elementor-top-column elementor-element elementor-element-5bbcbe7\" data-id=\"5bbcbe7\" data-element_type=\"column\" data-e-type=\"column\">\n\t\t\t<div class=\"elementor-widget-wrap elementor-element-populated\">\n\t\t\t\t\t\t<div class=\"elementor-element elementor-element-a42be56 elementor-widget elementor-widget-heading\" data-id=\"a42be56\" data-element_type=\"widget\" data-e-type=\"widget\" data-widget_type=\"heading.default\">\n\t\t\t\t\t<h2 class=\"elementor-heading-title elementor-size-default\">Huskys kennenlernen und \"Mus\"  <\/h2>\t\t\t\t<\/div>\n\t\t\t\t<div class=\"elementor-element elementor-element-2222098 elementor-widget elementor-widget-text-editor\" data-id=\"2222098\" data-element_type=\"widget\" data-e-type=\"widget\" data-widget_type=\"text-editor.default\">\n\t\t\t\t\t\t\t\t\t<p>W\u00e4hrend unserer Huskytour werden Sie zun\u00e4chst mit unseren Hunden bekannt gemacht und erhalten eine ausf\u00fchrliche Einweisung in das &#8220;Mushen&#8220;. Dazu geh\u00f6rt das Vorbereiten und Anschirren der Hunde und das Erlernen der Steuerung des Schlittens durch Kommandos. <\/p>\t\t\t\t\t\t\t\t<\/div>\n\t\t\t\t\t<\/div>\n\t\t<\/div>\n\t\t\t\t\t<\/div>\n\t\t<\/section>\n\t\t\t\t<section class=\"elementor-section elementor-top-section elementor-element elementor-element-94cd07a elementor-section-boxed elementor-section-height-default elementor-section-height-default\" data-id=\"94cd07a\" data-element_type=\"section\" data-e-type=\"section\">\n\t\t\t\t\t\t<div class=\"elementor-container elementor-column-gap-default\">\n\t\t\t\t\t<div class=\"elementor-column elementor-col-100 elementor-top-column elementor-element elementor-element-64b36b6\" data-id=\"64b36b6\" data-element_type=\"column\" data-e-type=\"column\">\n\t\t\t<div class=\"elementor-widget-wrap elementor-element-populated\">\n\t\t\t\t\t\t<div class=\"elementor-element elementor-element-462c1a4 elementor-widget-divider--view-line elementor-widget elementor-widget-divider\" data-id=\"462c1a4\" data-element_type=\"widget\" data-e-type=\"widget\" data-widget_type=\"divider.default\">\n\t\t\t\t\t\t\t<div class=\"elementor-divider\">\n\t\t\t<span class=\"elementor-divider-separator\">\n\t\t\t\t\t\t<\/span>\n\t\t<\/div>\n\t\t\t\t\t\t<\/div>\n\t\t\t\t\t<\/div>\n\t\t<\/div>\n\t\t\t\t\t<\/div>\n\t\t<\/section>\n\t\t\t\t<section class=\"elementor-section elementor-top-section elementor-element elementor-element-462b9dc elementor-section-boxed elementor-section-height-default elementor-section-height-default\" data-id=\"462b9dc\" data-element_type=\"section\" data-e-type=\"section\">\n\t\t\t\t\t\t<div class=\"elementor-container elementor-column-gap-default\">\n\t\t\t\t\t<div class=\"elementor-column elementor-col-50 elementor-top-column elementor-element elementor-element-fe1723e\" data-id=\"fe1723e\" data-element_type=\"column\" data-e-type=\"column\">\n\t\t\t<div class=\"elementor-widget-wrap elementor-element-populated\">\n\t\t\t\t\t\t<div class=\"elementor-element elementor-element-fc50ac8 elementor-widget elementor-widget-image\" data-id=\"fc50ac8\" data-element_type=\"widget\" data-e-type=\"widget\" data-widget_type=\"image.default\">\n\t\t\t\t\t\t\t\t\t\t\t\t\t\t\t<img decoding=\"async\" width=\"940\" height=\"705\" src=\"https:\/\/fjallspirit.com\/wp-content\/uploads\/2025\/02\/P1030230b763.jpg\" class=\"attachment-full size-full wp-image-1116\" alt=\"\" srcset=\"https:\/\/fjallspirit.com\/wp-content\/uploads\/2025\/02\/P1030230b763.jpg 940w, https:\/\/fjallspirit.com\/wp-content\/uploads\/2025\/02\/P1030230b763-300x225.jpg 300w, https:\/\/fjallspirit.com\/wp-content\/uploads\/2025\/02\/P1030230b763-768x576.jpg 768w\" sizes=\"(max-width: 940px) 100vw, 940px\" \/>\t\t\t\t\t\t\t\t\t\t\t\t\t\t\t<\/div>\n\t\t\t\t\t<\/div>\n\t\t<\/div>\n\t\t\t\t<div class=\"elementor-column elementor-col-50 elementor-top-column elementor-element elementor-element-fc938ff\" data-id=\"fc938ff\" data-element_type=\"column\" data-e-type=\"column\">\n\t\t\t<div class=\"elementor-widget-wrap elementor-element-populated\">\n\t\t\t\t\t\t<div class=\"elementor-element elementor-element-6a9f624 elementor-widget elementor-widget-heading\" data-id=\"6a9f624\" data-element_type=\"widget\" data-e-type=\"widget\" data-widget_type=\"heading.default\">\n\t\t\t\t\t<h2 class=\"elementor-heading-title elementor-size-default\">Verzauberte Winterwelt<\/h2>\t\t\t\t<\/div>\n\t\t\t\t<div class=\"elementor-element elementor-element-96c2d9f elementor-widget elementor-widget-text-editor\" data-id=\"96c2d9f\" data-element_type=\"widget\" data-e-type=\"widget\" data-widget_type=\"text-editor.default\">\n\t\t\t\t\t\t\t\t\t<p>Wenn Sie bereit sind, werden unsere begeisterten Huskys Sie in ihre bezaubernde, stille Winterwelt ziehen. Es ist ein einzigartiges Erlebnis, bei dem Sie von der wundersch\u00f6nen, verschneiten Natur umgeben sind. <\/p>\t\t\t\t\t\t\t\t<\/div>\n\t\t\t\t\t<\/div>\n\t\t<\/div>\n\t\t\t\t\t<\/div>\n\t\t<\/section>\n\t\t\t\t<section class=\"elementor-section elementor-top-section elementor-element elementor-element-1f25bac elementor-section-boxed elementor-section-height-default elementor-section-height-default\" data-id=\"1f25bac\" data-element_type=\"section\" data-e-type=\"section\">\n\t\t\t\t\t\t<div class=\"elementor-container elementor-column-gap-default\">\n\t\t\t\t\t<div class=\"elementor-column elementor-col-100 elementor-top-column elementor-element elementor-element-e9be5e8\" data-id=\"e9be5e8\" data-element_type=\"column\" data-e-type=\"column\">\n\t\t\t<div class=\"elementor-widget-wrap elementor-element-populated\">\n\t\t\t\t\t\t<div class=\"elementor-element elementor-element-047105e elementor-widget-divider--view-line elementor-widget elementor-widget-divider\" data-id=\"047105e\" data-element_type=\"widget\" data-e-type=\"widget\" data-widget_type=\"divider.default\">\n\t\t\t\t\t\t\t<div class=\"elementor-divider\">\n\t\t\t<span class=\"elementor-divider-separator\">\n\t\t\t\t\t\t<\/span>\n\t\t<\/div>\n\t\t\t\t\t\t<\/div>\n\t\t\t\t\t<\/div>\n\t\t<\/div>\n\t\t\t\t\t<\/div>\n\t\t<\/section>\n\t\t\t\t<section class=\"elementor-section elementor-top-section elementor-element elementor-element-e71735d elementor-section-boxed elementor-section-height-default elementor-section-height-default\" data-id=\"e71735d\" data-element_type=\"section\" data-e-type=\"section\">\n\t\t\t\t\t\t<div class=\"elementor-container elementor-column-gap-default\">\n\t\t\t\t\t<div class=\"elementor-column elementor-col-50 elementor-top-column elementor-element elementor-element-9a547a0\" data-id=\"9a547a0\" data-element_type=\"column\" data-e-type=\"column\">\n\t\t\t<div class=\"elementor-widget-wrap elementor-element-populated\">\n\t\t\t\t\t\t<div class=\"elementor-element elementor-element-242ed2b elementor-widget elementor-widget-image\" data-id=\"242ed2b\" data-element_type=\"widget\" data-e-type=\"widget\" data-widget_type=\"image.default\">\n\t\t\t\t\t\t\t\t\t\t\t\t\t\t\t<img decoding=\"async\" width=\"800\" height=\"532\" src=\"https:\/\/fjallspirit.com\/wp-content\/uploads\/2025\/02\/DSC_02309a68.jpg\" class=\"attachment-full size-full wp-image-1098\" alt=\"\" srcset=\"https:\/\/fjallspirit.com\/wp-content\/uploads\/2025\/02\/DSC_02309a68.jpg 800w, https:\/\/fjallspirit.com\/wp-content\/uploads\/2025\/02\/DSC_02309a68-300x200.jpg 300w, https:\/\/fjallspirit.com\/wp-content\/uploads\/2025\/02\/DSC_02309a68-768x511.jpg 768w\" sizes=\"(max-width: 800px) 100vw, 800px\" \/>\t\t\t\t\t\t\t\t\t\t\t\t\t\t\t<\/div>\n\t\t\t\t\t<\/div>\n\t\t<\/div>\n\t\t\t\t<div class=\"elementor-column elementor-col-50 elementor-top-column elementor-element elementor-element-f2c7049\" data-id=\"f2c7049\" data-element_type=\"column\" data-e-type=\"column\">\n\t\t\t<div class=\"elementor-widget-wrap elementor-element-populated\">\n\t\t\t\t\t\t<div class=\"elementor-element elementor-element-c34c60e elementor-widget elementor-widget-heading\" data-id=\"c34c60e\" data-element_type=\"widget\" data-e-type=\"widget\" data-widget_type=\"heading.default\">\n\t\t\t\t\t<h2 class=\"elementor-heading-title elementor-size-default\">Entspanntes Schlie\u00dfen<\/h2>\t\t\t\t<\/div>\n\t\t\t\t<div class=\"elementor-element elementor-element-46fcfb3 elementor-widget elementor-widget-text-editor\" data-id=\"46fcfb3\" data-element_type=\"widget\" data-e-type=\"widget\" data-widget_type=\"text-editor.default\">\n\t\t\t\t\t\t\t\t\t<p>Nach der Tour k\u00fcmmern wir uns zun\u00e4chst um die Hunde und danach ist es Zeit, sich zu entspannen. Wir beenden den Tag mit einem geselligen Beisammensein und einer hei\u00dfen Tasse Kaffee, w\u00e4hrend wir die Erlebnisse des Tages besprechen. <\/p>\t\t\t\t\t\t\t\t<\/div>\n\t\t\t\t\t<\/div>\n\t\t<\/div>\n\t\t\t\t\t<\/div>\n\t\t<\/section>\n\t\t\t\t<section class=\"elementor-section elementor-top-section elementor-element elementor-element-9cebe5c elementor-section-boxed elementor-section-height-default elementor-section-height-default\" data-id=\"9cebe5c\" data-element_type=\"section\" data-e-type=\"section\" data-settings=\"{&quot;background_background&quot;:&quot;classic&quot;}\">\n\t\t\t\t\t\t\t<div class=\"elementor-background-overlay\"><\/div>\n\t\t\t\t\t\t\t<div class=\"elementor-container elementor-column-gap-default\">\n\t\t\t\t\t<div class=\"elementor-column elementor-col-100 elementor-top-column elementor-element elementor-element-fc8ebdd\" data-id=\"fc8ebdd\" data-element_type=\"column\" data-e-type=\"column\">\n\t\t\t<div class=\"elementor-widget-wrap elementor-element-populated\">\n\t\t\t\t\t\t<div class=\"elementor-element elementor-element-2ecfd6b elementor-widget elementor-widget-heading\" data-id=\"2ecfd6b\" data-element_type=\"widget\" data-e-type=\"widget\" data-widget_type=\"heading.default\">\n\t\t\t\t\t<h2 class=\"elementor-heading-title elementor-size-default\">Planen Sie Ihr Abenteuer<\/h2>\t\t\t\t<\/div>\n\t\t\t\t<div class=\"elementor-element elementor-element-4a42091 elementor-widget elementor-widget-text-editor\" data-id=\"4a42091\" data-element_type=\"widget\" data-e-type=\"widget\" data-widget_type=\"text-editor.default\">\n\t\t\t\t\t\t\t\t\t<p>Sind Sie bereit f\u00fcr ein unvergessliches Abenteuer im Schnee? Klicken Sie auf die Schaltfl\u00e4che unten, um uns noch heute zu kontaktieren und machen Sie sich bereit f\u00fcr ein Erlebnis, das Sie f\u00fcr immer in Erinnerung behalten werden!<\/p>\t\t\t\t\t\t\t\t<\/div>\n\t\t\t\t<div class=\"elementor-element elementor-element-9228065 elementor-align-center elementor-widget elementor-widget-button\" data-id=\"9228065\" data-element_type=\"widget\" data-e-type=\"widget\" data-widget_type=\"button.default\">\n\t\t\t\t\t\t\t\t\t\t<a class=\"elementor-button elementor-button-link elementor-size-sm\" href=\"https:\/\/fjallspirit.com\/de\/kontakt\/\">\n\t\t\t\t\t\t<span class=\"elementor-button-content-wrapper\">\n\t\t\t\t\t\t\t\t\t<span class=\"elementor-button-text\">Kontakt aufnehmen  <\/span>\n\t\t\t\t\t<\/span>\n\t\t\t\t\t<\/a>\n\t\t\t\t\t\t\t\t<\/div>\n\t\t\t\t\t<\/div>\n\t\t<\/div>\n\t\t\t\t\t<\/div>\n\t\t<\/section>\n\t\t\t\t<section class=\"elementor-section elementor-top-section elementor-element elementor-element-d427e3e elementor-section-full_width elementor-section-height-default elementor-section-height-default\" data-id=\"d427e3e\" data-element_type=\"section\" data-e-type=\"section\">\n\t\t\t\t\t\t<div class=\"elementor-container elementor-column-gap-default\">\n\t\t\t\t\t<div class=\"elementor-column elementor-col-100 elementor-top-column elementor-element elementor-element-deba577\" data-id=\"deba577\" data-element_type=\"column\" data-e-type=\"column\">\n\t\t\t<div class=\"elementor-widget-wrap elementor-element-populated\">\n\t\t\t\t\t\t<section class=\"elementor-section elementor-inner-section elementor-element elementor-element-2fe1aaa elementor-section-boxed elementor-section-height-default elementor-section-height-default\" data-id=\"2fe1aaa\" data-element_type=\"section\" data-e-type=\"section\">\n\t\t\t\t\t\t<div class=\"elementor-container elementor-column-gap-default\">\n\t\t\t\t\t<div class=\"elementor-column elementor-col-100 elementor-inner-column elementor-element elementor-element-5f12a52\" data-id=\"5f12a52\" data-element_type=\"column\" data-e-type=\"column\">\n\t\t\t<div class=\"elementor-widget-wrap elementor-element-populated\">\n\t\t\t\t\t\t<div class=\"elementor-element elementor-element-03c1dc1 elementor-widget__width-initial elementor-widget elementor-widget-heading\" data-id=\"03c1dc1\" data-element_type=\"widget\" data-e-type=\"widget\" data-widget_type=\"heading.default\">\n\t\t\t\t\t<h2 class=\"elementor-heading-title elementor-size-default\">Lassen Sie sich von unseren Abenteuern inspirieren<\/h2>\t\t\t\t<\/div>\n\t\t\t\t\t<\/div>\n\t\t<\/div>\n\t\t\t\t\t<\/div>\n\t\t<\/section>\n\t\t\t\t<section class=\"elementor-section elementor-inner-section elementor-element elementor-element-77fe341 elementor-section-boxed elementor-section-height-default elementor-section-height-default\" data-id=\"77fe341\" data-element_type=\"section\" data-e-type=\"section\">\n\t\t\t\t\t\t<div class=\"elementor-container elementor-column-gap-default\">\n\t\t\t\t\t<div class=\"elementor-column elementor-col-100 elementor-inner-column elementor-element elementor-element-c848b60\" data-id=\"c848b60\" data-element_type=\"column\" data-e-type=\"column\">\n\t\t\t<div class=\"elementor-widget-wrap elementor-element-populated\">\n\t\t\t\t\t\t<div class=\"elementor-element elementor-element-e9fe8da elementor-widget__width-initial elementor-widget elementor-widget-text-editor\" data-id=\"e9fe8da\" data-element_type=\"widget\" data-e-type=\"widget\" data-widget_type=\"text-editor.default\">\n\t\t\t\t\t\t\t\t\t<p>Sehen Sie sich Bilder von unseren Aktivit\u00e4ten an und entdecken Sie den Zauber Schwedens. Teilen Sie Ihre Erfahrungen mit.<\/p>\t\t\t\t\t\t\t\t<\/div>\n\t\t\t\t\t<\/div>\n\t\t<\/div>\n\t\t\t\t\t<\/div>\n\t\t<\/section>\n\t\t\t\t<section class=\"elementor-section elementor-inner-section elementor-element elementor-element-7d383cc elementor-section-full_width elementor-section-height-default elementor-section-height-default\" data-id=\"7d383cc\" data-element_type=\"section\" data-e-type=\"section\">\n\t\t\t\t\t\t<div class=\"elementor-container elementor-column-gap-default\">\n\t\t\t\t\t<div class=\"elementor-column elementor-col-33 elementor-inner-column elementor-element elementor-element-6b4650e\" data-id=\"6b4650e\" data-element_type=\"column\" data-e-type=\"column\">\n\t\t\t<div class=\"elementor-widget-wrap elementor-element-populated\">\n\t\t\t\t\t\t<div class=\"elementor-element elementor-element-61ca3bb elementor-widget elementor-widget-image\" data-id=\"61ca3bb\" data-element_type=\"widget\" data-e-type=\"widget\" data-widget_type=\"image.default\">\n\t\t\t\t\t\t\t\t\t\t\t\t\t\t\t<img loading=\"lazy\" decoding=\"async\" width=\"1440\" height=\"1080\" src=\"https:\/\/fjallspirit.com\/wp-content\/uploads\/2025\/02\/Fjallspirit7.jpg\" class=\"attachment-full size-full wp-image-1014\" alt=\"\" srcset=\"https:\/\/fjallspirit.com\/wp-content\/uploads\/2025\/02\/Fjallspirit7.jpg 1440w, https:\/\/fjallspirit.com\/wp-content\/uploads\/2025\/02\/Fjallspirit7-300x225.jpg 300w, https:\/\/fjallspirit.com\/wp-content\/uploads\/2025\/02\/Fjallspirit7-1024x768.jpg 1024w, https:\/\/fjallspirit.com\/wp-content\/uploads\/2025\/02\/Fjallspirit7-768x576.jpg 768w\" sizes=\"(max-width: 1440px) 100vw, 1440px\" \/>\t\t\t\t\t\t\t\t\t\t\t\t\t\t\t<\/div>\n\t\t\t\t\t<\/div>\n\t\t<\/div>\n\t\t\t\t<div class=\"elementor-column elementor-col-33 elementor-inner-column elementor-element elementor-element-e7aa8ca\" data-id=\"e7aa8ca\" data-element_type=\"column\" data-e-type=\"column\">\n\t\t\t<div class=\"elementor-widget-wrap elementor-element-populated\">\n\t\t\t\t\t\t<div class=\"elementor-element elementor-element-8d5ffa4 elementor-widget elementor-widget-image\" data-id=\"8d5ffa4\" data-element_type=\"widget\" data-e-type=\"widget\" data-widget_type=\"image.default\">\n\t\t\t\t\t\t\t\t\t\t\t\t\t\t\t<img loading=\"lazy\" decoding=\"async\" width=\"960\" height=\"960\" src=\"https:\/\/fjallspirit.com\/wp-content\/uploads\/2025\/02\/Fjallspirit4.jpg\" class=\"attachment-full size-full wp-image-1005\" alt=\"\" srcset=\"https:\/\/fjallspirit.com\/wp-content\/uploads\/2025\/02\/Fjallspirit4.jpg 960w, https:\/\/fjallspirit.com\/wp-content\/uploads\/2025\/02\/Fjallspirit4-300x300.jpg 300w, https:\/\/fjallspirit.com\/wp-content\/uploads\/2025\/02\/Fjallspirit4-150x150.jpg 150w, https:\/\/fjallspirit.com\/wp-content\/uploads\/2025\/02\/Fjallspirit4-768x768.jpg 768w, https:\/\/fjallspirit.com\/wp-content\/uploads\/2025\/02\/Fjallspirit4-400x400.jpg 400w, https:\/\/fjallspirit.com\/wp-content\/uploads\/2025\/02\/Fjallspirit4-600x600.jpg 600w\" sizes=\"(max-width: 960px) 100vw, 960px\" \/>\t\t\t\t\t\t\t\t\t\t\t\t\t\t\t<\/div>\n\t\t\t\t\t<\/div>\n\t\t<\/div>\n\t\t\t\t<div class=\"elementor-column elementor-col-33 elementor-inner-column elementor-element elementor-element-ef33658\" data-id=\"ef33658\" data-element_type=\"column\" data-e-type=\"column\">\n\t\t\t<div class=\"elementor-widget-wrap elementor-element-populated\">\n\t\t\t\t\t\t<div class=\"elementor-element elementor-element-5a65d9c elementor-widget elementor-widget-image\" data-id=\"5a65d9c\" data-element_type=\"widget\" data-e-type=\"widget\" data-widget_type=\"image.default\">\n\t\t\t\t\t\t\t\t\t\t\t\t\t\t\t<img loading=\"lazy\" decoding=\"async\" width=\"800\" height=\"530\" src=\"https:\/\/fjallspirit.com\/wp-content\/uploads\/2025\/02\/Fjallspirit1.jpg\" class=\"attachment-full size-full wp-image-996\" alt=\"\" srcset=\"https:\/\/fjallspirit.com\/wp-content\/uploads\/2025\/02\/Fjallspirit1.jpg 800w, https:\/\/fjallspirit.com\/wp-content\/uploads\/2025\/02\/Fjallspirit1-300x199.jpg 300w, https:\/\/fjallspirit.com\/wp-content\/uploads\/2025\/02\/Fjallspirit1-768x509.jpg 768w\" sizes=\"(max-width: 800px) 100vw, 800px\" \/>\t\t\t\t\t\t\t\t\t\t\t\t\t\t\t<\/div>\n\t\t\t\t\t<\/div>\n\t\t<\/div>\n\t\t\t\t\t<\/div>\n\t\t<\/section>\n\t\t\t\t<div class=\"elementor-element elementor-element-7b5b68c elementor-align-center elementor-widget elementor-widget-button\" data-id=\"7b5b68c\" data-element_type=\"widget\" data-e-type=\"widget\" data-widget_type=\"button.default\">\n\t\t\t\t\t\t\t\t\t\t<a class=\"elementor-button elementor-button-link elementor-size-sm\" href=\"#\">\n\t\t\t\t\t\t<span class=\"elementor-button-content-wrapper\">\n\t\t\t\t\t\t\t\t\t<span class=\"elementor-button-text\">Folgen Sie @Fj\u00e4llspirit<\/span>\n\t\t\t\t\t<\/span>\n\t\t\t\t\t<\/a>\n\t\t\t\t\t\t\t\t<\/div>\n\t\t\t\t\t<\/div>\n\t\t<\/div>\n\t\t\t\t\t<\/div>\n\t\t<\/section>\n\t\t\t\t<section class=\"elementor-section elementor-top-section elementor-element elementor-element-36faeb8 elementor-section-boxed elementor-section-height-default elementor-section-height-default\" data-id=\"36faeb8\" data-element_type=\"section\" data-e-type=\"section\">\n\t\t\t\t\t\t<div class=\"elementor-container elementor-column-gap-default\">\n\t\t\t\t\t<div class=\"elementor-column elementor-col-100 elementor-top-column elementor-element elementor-element-762f122\" data-id=\"762f122\" data-element_type=\"column\" data-e-type=\"column\">\n\t\t\t<div class=\"elementor-widget-wrap elementor-element-populated\">\n\t\t\t\t\t\t<div class=\"elementor-element elementor-element-d250d9b elementor-widget elementor-widget-image\" data-id=\"d250d9b\" data-element_type=\"widget\" data-e-type=\"widget\" data-widget_type=\"image.default\">\n\t\t\t\t\t\t\t\t\t\t\t\t\t\t\t<img fetchpriority=\"high\" decoding=\"async\" width=\"800\" height=\"600\" src=\"https:\/\/fjallspirit.com\/wp-content\/uploads\/2025\/11\/P1030210-1024x768.jpg\" class=\"attachment-large size-large wp-image-1598\" alt=\"\" srcset=\"https:\/\/fjallspirit.com\/wp-content\/uploads\/2025\/11\/P1030210-1024x768.jpg 1024w, https:\/\/fjallspirit.com\/wp-content\/uploads\/2025\/11\/P1030210-300x225.jpg 300w, https:\/\/fjallspirit.com\/wp-content\/uploads\/2025\/11\/P1030210-768x576.jpg 768w, https:\/\/fjallspirit.com\/wp-content\/uploads\/2025\/11\/P1030210-1536x1152.jpg 1536w, https:\/\/fjallspirit.com\/wp-content\/uploads\/2025\/11\/P1030210-2048x1536.jpg 2048w\" sizes=\"(max-width: 800px) 100vw, 800px\" \/>\t\t\t\t\t\t\t\t\t\t\t\t\t\t\t<\/div>\n\t\t\t\t\t<\/div>\n\t\t<\/div>\n\t\t\t\t\t<\/div>\n\t\t<\/section>\n\t\t\t\t<\/div>\n\t\t","protected":false},"excerpt":{"rendered":"<p>Huskytours Treffen Sie unsere Huskys und erleben Sie das ultimative Wintererlebnis in Schweden. Von der Vorbereitung der Hunde bis zum Fahren des Schlittens &#8211; dieses Erlebnis wird Sie in die Magie der skandinavischen Natur eintauchen lassen. Huskys kennenlernen und &#8220;Mus&#8220; W\u00e4hrend unserer Huskytour werden Sie zun\u00e4chst mit unseren Hunden bekannt gemacht und erhalten eine ausf\u00fchrliche [&hellip;]<\/p>\n","protected":false},"author":1,"featured_media":0,"parent":0,"menu_order":0,"comment_status":"closed","ping_status":"closed","template":"elementor_header_footer","meta":{"footnotes":""},"class_list":["post-1418","page","type-page","status-publish","hentry"],"_links":{"self":[{"href":"https:\/\/fjallspirit.com\/de\/wp-json\/wp\/v2\/pages\/1418","targetHints":{"allow":["GET"]}}],"collection":[{"href":"https:\/\/fjallspirit.com\/de\/wp-json\/wp\/v2\/pages"}],"about":[{"href":"https:\/\/fjallspirit.com\/de\/wp-json\/wp\/v2\/types\/page"}],"author":[{"embeddable":true,"href":"https:\/\/fjallspirit.com\/de\/wp-json\/wp\/v2\/users\/1"}],"replies":[{"embeddable":true,"href":"https:\/\/fjallspirit.com\/de\/wp-json\/wp\/v2\/comments?post=1418"}],"version-history":[{"count":2,"href":"https:\/\/fjallspirit.com\/de\/wp-json\/wp\/v2\/pages\/1418\/revisions"}],"predecessor-version":[{"id":1603,"href":"https:\/\/fjallspirit.com\/de\/wp-json\/wp\/v2\/pages\/1418\/revisions\/1603"}],"wp:attachment":[{"href":"https:\/\/fjallspirit.com\/de\/wp-json\/wp\/v2\/media?parent=1418"}],"curies":[{"name":"wp","href":"https:\/\/api.w.org\/{rel}","templated":true}]}}