{"id":1396,"date":"2025-02-10T10:36:51","date_gmt":"2025-02-10T09:36:51","guid":{"rendered":"https:\/\/fjallspirit.com\/kanufahrt\/"},"modified":"2025-04-06T15:23:58","modified_gmt":"2025-04-06T13:23:58","slug":"kanufahrt","status":"publish","type":"page","link":"https:\/\/fjallspirit.com\/de\/kanufahrt\/","title":{"rendered":"Kanufahrt"},"content":{"rendered":"\t\t<div data-elementor-type=\"wp-page\" data-elementor-id=\"1396\" class=\"elementor elementor-1396 elementor-334\" data-elementor-post-type=\"page\">\n\t\t\t\t\t\t<section class=\"elementor-section elementor-top-section elementor-element elementor-element-9a18fc3 elementor-section-boxed elementor-section-height-default elementor-section-height-default\" data-id=\"9a18fc3\" data-element_type=\"section\" data-e-type=\"section\" data-settings=\"{&quot;background_background&quot;:&quot;classic&quot;}\">\n\t\t\t\t\t\t\t<div class=\"elementor-background-overlay\"><\/div>\n\t\t\t\t\t\t\t<div class=\"elementor-container elementor-column-gap-default\">\n\t\t\t\t\t<div class=\"elementor-column elementor-col-100 elementor-top-column elementor-element elementor-element-217c90c\" data-id=\"217c90c\" data-element_type=\"column\" data-e-type=\"column\">\n\t\t\t<div class=\"elementor-widget-wrap elementor-element-populated\">\n\t\t\t\t\t\t<div class=\"elementor-element elementor-element-859f3d7 elementor-widget elementor-widget-heading\" data-id=\"859f3d7\" data-element_type=\"widget\" data-e-type=\"widget\" data-widget_type=\"heading.default\">\n\t\t\t\t\t<h1 class=\"elementor-heading-title elementor-size-default\">Kanufahrt<\/h1>\t\t\t\t<\/div>\n\t\t\t\t<div class=\"elementor-element elementor-element-4e5516c elementor-widget elementor-widget-text-editor\" data-id=\"4e5516c\" data-element_type=\"widget\" data-e-type=\"widget\" data-widget_type=\"text-editor.default\">\n\t\t\t\t\t\t\t\t\t<p>Erleben Sie eine mehrt\u00e4gige Kanutour auf den malerischen Bergseen Nordschwedens. Gleiten Sie lautlos durch die unber\u00fchrte Natur, weit weg von der Zivilisation, und zelten Sie in Tipis oder H\u00e4ngematten an den Ufern. Das einzige Ziel ist es, ohrenbet\u00e4ubende Stille, absolute Ruhe und v\u00f6llige Entspannung zu genie\u00dfen.  <\/p>\t\t\t\t\t\t\t\t<\/div>\n\t\t\t\t\t<\/div>\n\t\t<\/div>\n\t\t\t\t\t<\/div>\n\t\t<\/section>\n\t\t\t\t<section class=\"elementor-section elementor-top-section elementor-element elementor-element-bb4d619 elementor-section-boxed elementor-section-height-default elementor-section-height-default\" data-id=\"bb4d619\" data-element_type=\"section\" data-e-type=\"section\">\n\t\t\t\t\t\t<div class=\"elementor-container elementor-column-gap-default\">\n\t\t\t\t\t<div class=\"elementor-column elementor-col-50 elementor-top-column elementor-element elementor-element-93ce248\" data-id=\"93ce248\" data-element_type=\"column\" data-e-type=\"column\">\n\t\t\t<div class=\"elementor-widget-wrap elementor-element-populated\">\n\t\t\t\t\t\t<div class=\"elementor-element elementor-element-ef1ca7e elementor-widget elementor-widget-image\" data-id=\"ef1ca7e\" data-element_type=\"widget\" data-e-type=\"widget\" data-widget_type=\"image.default\">\n\t\t\t\t\t\t\t\t\t\t\t\t\t\t\t<img fetchpriority=\"high\" decoding=\"async\" width=\"1280\" height=\"848\" src=\"https:\/\/fjallspirit.com\/wp-content\/uploads\/2025\/03\/039.jpg\" class=\"attachment-full size-full wp-image-1200\" alt=\"\" srcset=\"https:\/\/fjallspirit.com\/wp-content\/uploads\/2025\/03\/039.jpg 1280w, https:\/\/fjallspirit.com\/wp-content\/uploads\/2025\/03\/039-300x199.jpg 300w, https:\/\/fjallspirit.com\/wp-content\/uploads\/2025\/03\/039-1024x678.jpg 1024w, https:\/\/fjallspirit.com\/wp-content\/uploads\/2025\/03\/039-768x509.jpg 768w\" sizes=\"(max-width: 1280px) 100vw, 1280px\" \/>\t\t\t\t\t\t\t\t\t\t\t\t\t\t\t<\/div>\n\t\t\t\t\t<\/div>\n\t\t<\/div>\n\t\t\t\t<div class=\"elementor-column elementor-col-50 elementor-top-column elementor-element elementor-element-5bbcbe7\" data-id=\"5bbcbe7\" data-element_type=\"column\" data-e-type=\"column\">\n\t\t\t<div class=\"elementor-widget-wrap elementor-element-populated\">\n\t\t\t\t\t\t<div class=\"elementor-element elementor-element-04af8d6 elementor-widget elementor-widget-heading\" data-id=\"04af8d6\" data-element_type=\"widget\" data-e-type=\"widget\" data-widget_type=\"heading.default\">\n\t\t\t\t\t<h2 class=\"elementor-heading-title elementor-size-default\">Programm der Kanufahrt  <\/h2>\t\t\t\t<\/div>\n\t\t\t\t<div class=\"elementor-element elementor-element-2222098 elementor-widget elementor-widget-text-editor\" data-id=\"2222098\" data-element_type=\"widget\" data-e-type=\"widget\" data-widget_type=\"text-editor.default\">\n\t\t\t\t\t\t\t\t\t<p>Wie immer bei Fj\u00e4llspirit Adventures werden Sie pers\u00f6nlich vom Flughafen \u00d6stersund abgeholt und w\u00e4hrend Ihres gesamten Aufenthalts begleitet. Bei Ihrer Ankunft im Fj\u00e4llspirit Basecamp erhalten Sie eine ausf\u00fchrliche Erkl\u00e4rung, wie Sie Ihre Kanutour planen. Hier gehen wir wirklich <em>zur\u00fcck zur Natur<\/em>.  <\/p><p>An Tag 2 packen wir unsere gesamte Ausr\u00fcstung in wasserdichte F\u00e4sser und Taschen und \u00fcben die ersten Paddelschl\u00e4ge auf dem See Akersj\u00f6n. Wir lernen, wie man das Kanu steuert und was im Falle einer Kenterung zu tun ist. Die n\u00e4chsten Tage tauchen wir in das Naturschutzgebiet Hotagen ein, wo wir jede Nacht in einem Zelt schlafen.  <\/p><p>Am 3. Tag begeben wir uns mit der gesamten Ausr\u00fcstung zur Einstiegsstelle. Hier beladen wir die Kanus und machen eine kurze Paddeltour zu unserem ersten \u00dcbernachtungsplatz. Wir bauen das Lager auf, sammeln Holz und kochen gemeinsam.  <\/p><p>In den n\u00e4chsten Tagen erkunden wir eine der letzten unber\u00fchrten Wildnisse Europas und genie\u00dfen Schwedens beeindruckende Natur und \u00fcberw\u00e4ltigende Stille.<\/p><p>An Tag 6 paddeln wir zur\u00fcck in die Zivilisation, wo ein bequemes Bett und eine hei\u00dfe Dusche auf uns warten. An Tag 7 erfolgt der Transfer zur\u00fcck zum Flughafen \u00d6stersund. <\/p>\t\t\t\t\t\t\t\t<\/div>\n\t\t\t\t\t<\/div>\n\t\t<\/div>\n\t\t\t\t\t<\/div>\n\t\t<\/section>\n\t\t\t\t<section class=\"elementor-section elementor-top-section elementor-element elementor-element-94cd07a elementor-section-boxed elementor-section-height-default elementor-section-height-default\" data-id=\"94cd07a\" data-element_type=\"section\" data-e-type=\"section\">\n\t\t\t\t\t\t<div class=\"elementor-container elementor-column-gap-default\">\n\t\t\t\t\t<div class=\"elementor-column elementor-col-100 elementor-top-column elementor-element elementor-element-64b36b6\" data-id=\"64b36b6\" data-element_type=\"column\" data-e-type=\"column\">\n\t\t\t<div class=\"elementor-widget-wrap elementor-element-populated\">\n\t\t\t\t\t\t<div class=\"elementor-element elementor-element-462c1a4 elementor-widget-divider--view-line elementor-widget elementor-widget-divider\" data-id=\"462c1a4\" data-element_type=\"widget\" data-e-type=\"widget\" data-widget_type=\"divider.default\">\n\t\t\t\t\t\t\t<div class=\"elementor-divider\">\n\t\t\t<span class=\"elementor-divider-separator\">\n\t\t\t\t\t\t<\/span>\n\t\t<\/div>\n\t\t\t\t\t\t<\/div>\n\t\t\t\t\t<\/div>\n\t\t<\/div>\n\t\t\t\t\t<\/div>\n\t\t<\/section>\n\t\t\t\t<section class=\"elementor-section elementor-top-section elementor-element elementor-element-462b9dc elementor-section-boxed elementor-section-height-default elementor-section-height-default\" data-id=\"462b9dc\" data-element_type=\"section\" data-e-type=\"section\">\n\t\t\t\t\t\t<div class=\"elementor-container elementor-column-gap-default\">\n\t\t\t\t\t<div class=\"elementor-column elementor-col-50 elementor-top-column elementor-element elementor-element-fe1723e\" data-id=\"fe1723e\" data-element_type=\"column\" data-e-type=\"column\">\n\t\t\t<div class=\"elementor-widget-wrap elementor-element-populated\">\n\t\t\t\t\t\t<div class=\"elementor-element elementor-element-fc50ac8 elementor-widget elementor-widget-image\" data-id=\"fc50ac8\" data-element_type=\"widget\" data-e-type=\"widget\" data-widget_type=\"image.default\">\n\t\t\t\t\t\t\t\t\t\t\t\t\t\t\t<img decoding=\"async\" width=\"800\" height=\"530\" src=\"https:\/\/fjallspirit.com\/wp-content\/uploads\/2025\/02\/037ae3a.jpg\" class=\"attachment-full size-full wp-image-1140\" alt=\"\" srcset=\"https:\/\/fjallspirit.com\/wp-content\/uploads\/2025\/02\/037ae3a.jpg 800w, https:\/\/fjallspirit.com\/wp-content\/uploads\/2025\/02\/037ae3a-300x199.jpg 300w, https:\/\/fjallspirit.com\/wp-content\/uploads\/2025\/02\/037ae3a-768x509.jpg 768w\" sizes=\"(max-width: 800px) 100vw, 800px\" \/>\t\t\t\t\t\t\t\t\t\t\t\t\t\t\t<\/div>\n\t\t\t\t\t<\/div>\n\t\t<\/div>\n\t\t\t\t<div class=\"elementor-column elementor-col-50 elementor-top-column elementor-element elementor-element-fc938ff\" data-id=\"fc938ff\" data-element_type=\"column\" data-e-type=\"column\">\n\t\t\t<div class=\"elementor-widget-wrap elementor-element-populated\">\n\t\t\t\t\t\t<div class=\"elementor-element elementor-element-453135b elementor-widget elementor-widget-heading\" data-id=\"453135b\" data-element_type=\"widget\" data-e-type=\"widget\" data-widget_type=\"heading.default\">\n\t\t\t\t\t<h2 class=\"elementor-heading-title elementor-size-default\">Praktische Informationen  <\/h2>\t\t\t\t<\/div>\n\t\t\t\t<div class=\"elementor-element elementor-element-96c2d9f elementor-widget elementor-widget-text-editor\" data-id=\"96c2d9f\" data-element_type=\"widget\" data-e-type=\"widget\" data-widget_type=\"text-editor.default\">\n\t\t\t\t\t\t\t\t\t<p><strong>Saison:<\/strong> Kanutouren werden von Mitte Juni bis Ende August organisiert.<\/p><p><strong>Teilnehmer:<\/strong> mindestens 2, maximal 4 Personen.<\/p><p><strong>Preis:<\/strong> 1000 \u20ac pro Person.<\/p><p><strong>Beinhaltet:<\/strong><\/p><ul><li>Transfer vom und zum Flughafen \u00d6stersund.<\/li><li>F\u00fchrung durch die Tour.<\/li><li>Campingausr\u00fcstung und Benutzung von Kanus.<\/li><li>Vollst\u00e4ndige Mahlzeiten w\u00e4hrend der Reise.<\/li><\/ul>\t\t\t\t\t\t\t\t<\/div>\n\t\t\t\t\t<\/div>\n\t\t<\/div>\n\t\t\t\t\t<\/div>\n\t\t<\/section>\n\t\t\t\t<section class=\"elementor-section elementor-top-section elementor-element elementor-element-39b52a58 elementor-section-boxed elementor-section-height-default elementor-section-height-default\" data-id=\"39b52a58\" data-element_type=\"section\" data-e-type=\"section\" data-settings=\"{&quot;background_background&quot;:&quot;classic&quot;}\">\n\t\t\t\t\t\t\t<div class=\"elementor-background-overlay\"><\/div>\n\t\t\t\t\t\t\t<div class=\"elementor-container elementor-column-gap-default\">\n\t\t\t\t\t<div class=\"elementor-column elementor-col-100 elementor-top-column elementor-element elementor-element-5ae8db14\" data-id=\"5ae8db14\" data-element_type=\"column\" data-e-type=\"column\">\n\t\t\t<div class=\"elementor-widget-wrap elementor-element-populated\">\n\t\t\t\t\t\t<div class=\"elementor-element elementor-element-4626e35d elementor-widget elementor-widget-heading\" data-id=\"4626e35d\" data-element_type=\"widget\" data-e-type=\"widget\" data-widget_type=\"heading.default\">\n\t\t\t\t\t<h2 class=\"elementor-heading-title elementor-size-default\">Planen Sie Ihr Abenteuer<\/h2>\t\t\t\t<\/div>\n\t\t\t\t<div class=\"elementor-element elementor-element-62f5a3c9 elementor-widget elementor-widget-text-editor\" data-id=\"62f5a3c9\" data-element_type=\"widget\" data-e-type=\"widget\" data-widget_type=\"text-editor.default\">\n\t\t\t\t\t\t\t\t\t<p>Sind Sie bereit f\u00fcr ein unvergessliches Abenteuer im Schnee? Klicken Sie auf die Schaltfl\u00e4che unten, um uns noch heute zu kontaktieren und machen Sie sich bereit f\u00fcr ein Erlebnis, das Sie f\u00fcr immer in Erinnerung behalten werden!<\/p>\t\t\t\t\t\t\t\t<\/div>\n\t\t\t\t<div class=\"elementor-element elementor-element-4faf13bb elementor-align-center elementor-widget elementor-widget-button\" data-id=\"4faf13bb\" data-element_type=\"widget\" data-e-type=\"widget\" data-widget_type=\"button.default\">\n\t\t\t\t\t\t\t\t\t\t<a class=\"elementor-button elementor-button-link elementor-size-sm\" href=\"https:\/\/fjallspirit.com\/contact\/\">\n\t\t\t\t\t\t<span class=\"elementor-button-content-wrapper\">\n\t\t\t\t\t\t\t\t\t<span class=\"elementor-button-text\">Kontakt aufnehmen  <\/span>\n\t\t\t\t\t<\/span>\n\t\t\t\t\t<\/a>\n\t\t\t\t\t\t\t\t<\/div>\n\t\t\t\t\t<\/div>\n\t\t<\/div>\n\t\t\t\t\t<\/div>\n\t\t<\/section>\n\t\t\t\t<section class=\"elementor-section elementor-top-section elementor-element elementor-element-7ee585be elementor-section-full_width elementor-section-height-default elementor-section-height-default\" data-id=\"7ee585be\" data-element_type=\"section\" data-e-type=\"section\">\n\t\t\t\t\t\t<div class=\"elementor-container elementor-column-gap-default\">\n\t\t\t\t\t<div class=\"elementor-column elementor-col-100 elementor-top-column elementor-element elementor-element-7a881cdf\" data-id=\"7a881cdf\" data-element_type=\"column\" data-e-type=\"column\">\n\t\t\t<div class=\"elementor-widget-wrap elementor-element-populated\">\n\t\t\t\t\t\t<section class=\"elementor-section elementor-inner-section elementor-element elementor-element-2c5c679e elementor-section-boxed elementor-section-height-default elementor-section-height-default\" data-id=\"2c5c679e\" data-element_type=\"section\" data-e-type=\"section\">\n\t\t\t\t\t\t<div class=\"elementor-container elementor-column-gap-default\">\n\t\t\t\t\t<div class=\"elementor-column elementor-col-100 elementor-inner-column elementor-element elementor-element-6a1cd32b\" data-id=\"6a1cd32b\" data-element_type=\"column\" data-e-type=\"column\">\n\t\t\t<div class=\"elementor-widget-wrap elementor-element-populated\">\n\t\t\t\t\t\t<div class=\"elementor-element elementor-element-1e02ff91 elementor-widget__width-initial elementor-widget elementor-widget-heading\" data-id=\"1e02ff91\" data-element_type=\"widget\" data-e-type=\"widget\" data-widget_type=\"heading.default\">\n\t\t\t\t\t<h2 class=\"elementor-heading-title elementor-size-default\">Lassen Sie sich von unseren Abenteuern inspirieren<\/h2>\t\t\t\t<\/div>\n\t\t\t\t\t<\/div>\n\t\t<\/div>\n\t\t\t\t\t<\/div>\n\t\t<\/section>\n\t\t\t\t<section class=\"elementor-section elementor-inner-section elementor-element elementor-element-3ac2a01d elementor-section-boxed elementor-section-height-default elementor-section-height-default\" data-id=\"3ac2a01d\" data-element_type=\"section\" data-e-type=\"section\">\n\t\t\t\t\t\t<div class=\"elementor-container elementor-column-gap-default\">\n\t\t\t\t\t<div class=\"elementor-column elementor-col-100 elementor-inner-column elementor-element elementor-element-6f40dbc9\" data-id=\"6f40dbc9\" data-element_type=\"column\" data-e-type=\"column\">\n\t\t\t<div class=\"elementor-widget-wrap elementor-element-populated\">\n\t\t\t\t\t\t<div class=\"elementor-element elementor-element-7770fcde elementor-widget__width-initial elementor-widget elementor-widget-text-editor\" data-id=\"7770fcde\" data-element_type=\"widget\" data-e-type=\"widget\" data-widget_type=\"text-editor.default\">\n\t\t\t\t\t\t\t\t\t<p>Sehen Sie sich Bilder von unseren Aktivit\u00e4ten an und entdecken Sie den Zauber Schwedens.  <\/p>\t\t\t\t\t\t\t\t<\/div>\n\t\t\t\t\t<\/div>\n\t\t<\/div>\n\t\t\t\t\t<\/div>\n\t\t<\/section>\n\t\t\t\t<section class=\"elementor-section elementor-inner-section elementor-element elementor-element-1c415493 elementor-section-full_width elementor-section-height-default elementor-section-height-default\" data-id=\"1c415493\" data-element_type=\"section\" data-e-type=\"section\">\n\t\t\t\t\t\t<div class=\"elementor-container elementor-column-gap-default\">\n\t\t\t\t\t<div class=\"elementor-column elementor-col-33 elementor-inner-column elementor-element elementor-element-38368995\" data-id=\"38368995\" data-element_type=\"column\" data-e-type=\"column\">\n\t\t\t<div class=\"elementor-widget-wrap elementor-element-populated\">\n\t\t\t\t\t\t<div class=\"elementor-element elementor-element-478c411f elementor-widget elementor-widget-image\" data-id=\"478c411f\" data-element_type=\"widget\" data-e-type=\"widget\" data-widget_type=\"image.default\">\n\t\t\t\t\t\t\t\t\t\t\t\t\t\t\t<img decoding=\"async\" width=\"1440\" height=\"1080\" src=\"https:\/\/fjallspirit.com\/wp-content\/uploads\/2025\/02\/Fjallspirit7.jpg\" class=\"attachment-full size-full wp-image-1014\" alt=\"\" srcset=\"https:\/\/fjallspirit.com\/wp-content\/uploads\/2025\/02\/Fjallspirit7.jpg 1440w, https:\/\/fjallspirit.com\/wp-content\/uploads\/2025\/02\/Fjallspirit7-300x225.jpg 300w, https:\/\/fjallspirit.com\/wp-content\/uploads\/2025\/02\/Fjallspirit7-1024x768.jpg 1024w, https:\/\/fjallspirit.com\/wp-content\/uploads\/2025\/02\/Fjallspirit7-768x576.jpg 768w\" sizes=\"(max-width: 1440px) 100vw, 1440px\" \/>\t\t\t\t\t\t\t\t\t\t\t\t\t\t\t<\/div>\n\t\t\t\t\t<\/div>\n\t\t<\/div>\n\t\t\t\t<div class=\"elementor-column elementor-col-33 elementor-inner-column elementor-element elementor-element-7639de6d\" data-id=\"7639de6d\" data-element_type=\"column\" data-e-type=\"column\">\n\t\t\t<div class=\"elementor-widget-wrap elementor-element-populated\">\n\t\t\t\t\t\t<div class=\"elementor-element elementor-element-4af6aa27 elementor-widget elementor-widget-image\" data-id=\"4af6aa27\" data-element_type=\"widget\" data-e-type=\"widget\" data-widget_type=\"image.default\">\n\t\t\t\t\t\t\t\t\t\t\t\t\t\t\t<img decoding=\"async\" src=\"https:\/\/fjallspirit.com\/wp-content\/uploads\/2025\/02\/ArcticHusky1544.jpg\" title=\"\" alt=\"\" loading=\"lazy\" \/>\t\t\t\t\t\t\t\t\t\t\t\t\t\t\t<\/div>\n\t\t\t\t\t<\/div>\n\t\t<\/div>\n\t\t\t\t<div class=\"elementor-column elementor-col-33 elementor-inner-column elementor-element elementor-element-34335bc7\" data-id=\"34335bc7\" data-element_type=\"column\" data-e-type=\"column\">\n\t\t\t<div class=\"elementor-widget-wrap elementor-element-populated\">\n\t\t\t\t\t\t<div class=\"elementor-element elementor-element-16888142 elementor-widget elementor-widget-image\" data-id=\"16888142\" data-element_type=\"widget\" data-e-type=\"widget\" data-widget_type=\"image.default\">\n\t\t\t\t\t\t\t\t\t\t\t\t\t\t\t<img loading=\"lazy\" decoding=\"async\" width=\"800\" height=\"530\" src=\"https:\/\/fjallspirit.com\/wp-content\/uploads\/2025\/02\/Fjallspirit1.jpg\" class=\"attachment-full size-full wp-image-996\" alt=\"\" srcset=\"https:\/\/fjallspirit.com\/wp-content\/uploads\/2025\/02\/Fjallspirit1.jpg 800w, https:\/\/fjallspirit.com\/wp-content\/uploads\/2025\/02\/Fjallspirit1-300x199.jpg 300w, https:\/\/fjallspirit.com\/wp-content\/uploads\/2025\/02\/Fjallspirit1-768x509.jpg 768w\" sizes=\"(max-width: 800px) 100vw, 800px\" \/>\t\t\t\t\t\t\t\t\t\t\t\t\t\t\t<\/div>\n\t\t\t\t\t<\/div>\n\t\t<\/div>\n\t\t\t\t\t<\/div>\n\t\t<\/section>\n\t\t\t\t<div class=\"elementor-element elementor-element-eafe400 elementor-align-center elementor-widget__width-auto elementor-widget elementor-widget-button\" data-id=\"eafe400\" data-element_type=\"widget\" data-e-type=\"widget\" data-widget_type=\"button.default\">\n\t\t\t\t\t\t\t\t\t\t<a class=\"elementor-button elementor-button-link elementor-size-sm\" href=\"https:\/\/www.facebook.com\/fjallspirit\/\">\n\t\t\t\t\t\t<span class=\"elementor-button-content-wrapper\">\n\t\t\t\t\t\t<span class=\"elementor-button-icon\">\n\t\t\t\t<svg aria-hidden=\"true\" class=\"e-font-icon-svg e-fab-facebook\" viewBox=\"0 0 512 512\" xmlns=\"http:\/\/www.w3.org\/2000\/svg\"><path d=\"M504 256C504 119 393 8 256 8S8 119 8 256c0 123.78 90.69 226.38 209.25 245V327.69h-63V256h63v-54.64c0-62.15 37-96.48 93.67-96.48 27.14 0 55.52 4.84 55.52 4.84v61h-31.28c-30.8 0-40.41 19.12-40.41 38.73V256h68.78l-11 71.69h-57.78V501C413.31 482.38 504 379.78 504 256z\"><\/path><\/svg>\t\t\t<\/span>\n\t\t\t\t\t\t\t\t\t<span class=\"elementor-button-text\">Facebook<\/span>\n\t\t\t\t\t<\/span>\n\t\t\t\t\t<\/a>\n\t\t\t\t\t\t\t\t<\/div>\n\t\t\t\t<div class=\"elementor-element elementor-element-6b2f9851 elementor-align-center elementor-widget__width-auto elementor-widget elementor-widget-button\" data-id=\"6b2f9851\" data-element_type=\"widget\" data-e-type=\"widget\" data-widget_type=\"button.default\">\n\t\t\t\t\t\t\t\t\t\t<a class=\"elementor-button elementor-button-link elementor-size-sm\" href=\"https:\/\/www.instagram.com\/fjallspirit_outdoor\/\" target=\"_blank\">\n\t\t\t\t\t\t<span class=\"elementor-button-content-wrapper\">\n\t\t\t\t\t\t<span class=\"elementor-button-icon\">\n\t\t\t\t<svg aria-hidden=\"true\" class=\"e-font-icon-svg e-fab-instagram\" viewBox=\"0 0 448 512\" xmlns=\"http:\/\/www.w3.org\/2000\/svg\"><path d=\"M224.1 141c-63.6 0-114.9 51.3-114.9 114.9s51.3 114.9 114.9 114.9S339 319.5 339 255.9 287.7 141 224.1 141zm0 189.6c-41.1 0-74.7-33.5-74.7-74.7s33.5-74.7 74.7-74.7 74.7 33.5 74.7 74.7-33.6 74.7-74.7 74.7zm146.4-194.3c0 14.9-12 26.8-26.8 26.8-14.9 0-26.8-12-26.8-26.8s12-26.8 26.8-26.8 26.8 12 26.8 26.8zm76.1 27.2c-1.7-35.9-9.9-67.7-36.2-93.9-26.2-26.2-58-34.4-93.9-36.2-37-2.1-147.9-2.1-184.9 0-35.8 1.7-67.6 9.9-93.9 36.1s-34.4 58-36.2 93.9c-2.1 37-2.1 147.9 0 184.9 1.7 35.9 9.9 67.7 36.2 93.9s58 34.4 93.9 36.2c37 2.1 147.9 2.1 184.9 0 35.9-1.7 67.7-9.9 93.9-36.2 26.2-26.2 34.4-58 36.2-93.9 2.1-37 2.1-147.8 0-184.8zM398.8 388c-7.8 19.6-22.9 34.7-42.6 42.6-29.5 11.7-99.5 9-132.1 9s-102.7 2.6-132.1-9c-19.6-7.8-34.7-22.9-42.6-42.6-11.7-29.5-9-99.5-9-132.1s-2.6-102.7 9-132.1c7.8-19.6 22.9-34.7 42.6-42.6 29.5-11.7 99.5-9 132.1-9s102.7-2.6 132.1 9c19.6 7.8 34.7 22.9 42.6 42.6 11.7 29.5 9 99.5 9 132.1s2.7 102.7-9 132.1z\"><\/path><\/svg>\t\t\t<\/span>\n\t\t\t\t\t\t\t\t\t<span class=\"elementor-button-text\">Instagram<\/span>\n\t\t\t\t\t<\/span>\n\t\t\t\t\t<\/a>\n\t\t\t\t\t\t\t\t<\/div>\n\t\t\t\t\t<\/div>\n\t\t<\/div>\n\t\t\t\t\t<\/div>\n\t\t<\/section>\n\t\t\t\t<\/div>\n\t\t","protected":false},"excerpt":{"rendered":"<p>Kanufahrt Erleben Sie eine mehrt\u00e4gige Kanutour auf den malerischen Bergseen Nordschwedens. Gleiten Sie lautlos durch die unber\u00fchrte Natur, weit weg von der Zivilisation, und zelten Sie in Tipis oder H\u00e4ngematten an den Ufern. Das einzige Ziel ist es, ohrenbet\u00e4ubende Stille, absolute Ruhe und v\u00f6llige Entspannung zu genie\u00dfen. Programm der Kanufahrt Wie immer bei Fj\u00e4llspirit Adventures [&hellip;]<\/p>\n","protected":false},"author":1,"featured_media":0,"parent":0,"menu_order":0,"comment_status":"closed","ping_status":"closed","template":"","meta":{"footnotes":""},"class_list":["post-1396","page","type-page","status-publish","hentry"],"_links":{"self":[{"href":"https:\/\/fjallspirit.com\/de\/wp-json\/wp\/v2\/pages\/1396","targetHints":{"allow":["GET"]}}],"collection":[{"href":"https:\/\/fjallspirit.com\/de\/wp-json\/wp\/v2\/pages"}],"about":[{"href":"https:\/\/fjallspirit.com\/de\/wp-json\/wp\/v2\/types\/page"}],"author":[{"embeddable":true,"href":"https:\/\/fjallspirit.com\/de\/wp-json\/wp\/v2\/users\/1"}],"replies":[{"embeddable":true,"href":"https:\/\/fjallspirit.com\/de\/wp-json\/wp\/v2\/comments?post=1396"}],"version-history":[{"count":1,"href":"https:\/\/fjallspirit.com\/de\/wp-json\/wp\/v2\/pages\/1396\/revisions"}],"predecessor-version":[{"id":1397,"href":"https:\/\/fjallspirit.com\/de\/wp-json\/wp\/v2\/pages\/1396\/revisions\/1397"}],"wp:attachment":[{"href":"https:\/\/fjallspirit.com\/de\/wp-json\/wp\/v2\/media?parent=1396"}],"curies":[{"name":"wp","href":"https:\/\/api.w.org\/{rel}","templated":true}]}}