{"id":1394,"date":"2025-02-10T10:22:14","date_gmt":"2025-02-10T09:22:14","guid":{"rendered":"https:\/\/fjallspirit.com\/basic-bushcraft-sommer\/"},"modified":"2025-04-06T15:23:57","modified_gmt":"2025-04-06T13:23:57","slug":"basic-bushcraft-sommer","status":"publish","type":"page","link":"https:\/\/fjallspirit.com\/de\/basic-bushcraft-sommer\/","title":{"rendered":"Basic Bushcraft Sommer"},"content":{"rendered":"\t\t<div data-elementor-type=\"wp-page\" data-elementor-id=\"1394\" class=\"elementor elementor-1394 elementor-321\" data-elementor-post-type=\"page\">\n\t\t\t\t\t\t<section class=\"elementor-section elementor-top-section elementor-element elementor-element-9a18fc3 elementor-section-boxed elementor-section-height-default elementor-section-height-default\" data-id=\"9a18fc3\" data-element_type=\"section\" data-e-type=\"section\" data-settings=\"{&quot;background_background&quot;:&quot;classic&quot;}\">\n\t\t\t\t\t\t\t<div class=\"elementor-background-overlay\"><\/div>\n\t\t\t\t\t\t\t<div class=\"elementor-container elementor-column-gap-default\">\n\t\t\t\t\t<div class=\"elementor-column elementor-col-100 elementor-top-column elementor-element elementor-element-217c90c\" data-id=\"217c90c\" data-element_type=\"column\" data-e-type=\"column\">\n\t\t\t<div class=\"elementor-widget-wrap elementor-element-populated\">\n\t\t\t\t\t\t<div class=\"elementor-element elementor-element-859f3d7 elementor-widget elementor-widget-heading\" data-id=\"859f3d7\" data-element_type=\"widget\" data-e-type=\"widget\" data-widget_type=\"heading.default\">\n\t\t\t\t\t<h1 class=\"elementor-heading-title elementor-size-default\">Basic Bushcraft Sommer<\/h1>\t\t\t\t<\/div>\n\t\t\t\t<div class=\"elementor-element elementor-element-d9a5d4b elementor-widget elementor-widget-text-editor\" data-id=\"d9a5d4b\" data-element_type=\"widget\" data-e-type=\"widget\" data-widget_type=\"text-editor.default\">\n\t\t\t\t\t\t\t\t\t<p>W\u00e4hrend dieses einw\u00f6chigen Bushcraft-Kurses bringen wir Ihnen die grundlegenden F\u00e4higkeiten des Bushcraft bei, w\u00e4hrend Sie die unber\u00fchrte schwedische Natur in vollen Z\u00fcgen genie\u00dfen k\u00f6nnen. Kehren Sie zur\u00fcck zur Natur und entdecken Sie, wie Sie alles, was Mutter Natur zu bieten hat, zum \u00dcberleben nutzen k\u00f6nnen. <\/p>\t\t\t\t\t\t\t\t<\/div>\n\t\t\t\t\t<\/div>\n\t\t<\/div>\n\t\t\t\t\t<\/div>\n\t\t<\/section>\n\t\t\t\t<section class=\"elementor-section elementor-top-section elementor-element elementor-element-bb4d619 elementor-section-boxed elementor-section-height-default elementor-section-height-default\" data-id=\"bb4d619\" data-element_type=\"section\" data-e-type=\"section\">\n\t\t\t\t\t\t<div class=\"elementor-container elementor-column-gap-default\">\n\t\t\t\t\t<div class=\"elementor-column elementor-col-50 elementor-top-column elementor-element elementor-element-93ce248\" data-id=\"93ce248\" data-element_type=\"column\" data-e-type=\"column\">\n\t\t\t<div class=\"elementor-widget-wrap elementor-element-populated\">\n\t\t\t\t\t\t<div class=\"elementor-element elementor-element-ef1ca7e elementor-widget elementor-widget-image\" data-id=\"ef1ca7e\" data-element_type=\"widget\" data-e-type=\"widget\" data-widget_type=\"image.default\">\n\t\t\t\t\t\t\t\t\t\t\t\t\t\t\t<img fetchpriority=\"high\" decoding=\"async\" width=\"1280\" height=\"853\" src=\"https:\/\/fjallspirit.com\/wp-content\/uploads\/2025\/03\/buscr.jpg\" class=\"attachment-full size-full wp-image-1227\" alt=\"\" srcset=\"https:\/\/fjallspirit.com\/wp-content\/uploads\/2025\/03\/buscr.jpg 1280w, https:\/\/fjallspirit.com\/wp-content\/uploads\/2025\/03\/buscr-300x200.jpg 300w, https:\/\/fjallspirit.com\/wp-content\/uploads\/2025\/03\/buscr-1024x682.jpg 1024w, https:\/\/fjallspirit.com\/wp-content\/uploads\/2025\/03\/buscr-768x512.jpg 768w\" sizes=\"(max-width: 1280px) 100vw, 1280px\" \/>\t\t\t\t\t\t\t\t\t\t\t\t\t\t\t<\/div>\n\t\t\t\t\t<\/div>\n\t\t<\/div>\n\t\t\t\t<div class=\"elementor-column elementor-col-50 elementor-top-column elementor-element elementor-element-5bbcbe7\" data-id=\"5bbcbe7\" data-element_type=\"column\" data-e-type=\"column\">\n\t\t\t<div class=\"elementor-widget-wrap elementor-element-populated\">\n\t\t\t\t\t\t<div class=\"elementor-element elementor-element-04af8d6 elementor-widget elementor-widget-heading\" data-id=\"04af8d6\" data-element_type=\"widget\" data-e-type=\"widget\" data-widget_type=\"heading.default\">\n\t\t\t\t\t<h2 class=\"elementor-heading-title elementor-size-default\">Was werden Sie in dem Bushcraft-Kurs lernen?<\/h2>\t\t\t\t<\/div>\n\t\t\t\t<div class=\"elementor-element elementor-element-2222098 elementor-widget elementor-widget-text-editor\" data-id=\"2222098\" data-element_type=\"widget\" data-e-type=\"widget\" data-widget_type=\"text-editor.default\">\n\t\t\t\t\t\t\t\t\t<p>In diesem Kurs dreht sich alles um die Nutzung der nat\u00fcrlichen Ressourcen. W\u00e4hrend der Woche werden Sie unter anderem lernen: <\/p><ul><li>Feuer machen ohne Streichh\u00f6lzer oder Feuerzeug.<\/li><li>Einen Unterschlupf bauen.<\/li><li>Fischen und Kochen auf offenem Feuer.<\/li><li>Erkennen und Sammeln von essbaren Pflanzen.<\/li><li>Navigieren mit Karte und Kompass.<\/li><\/ul>\t\t\t\t\t\t\t\t<\/div>\n\t\t\t\t\t<\/div>\n\t\t<\/div>\n\t\t\t\t\t<\/div>\n\t\t<\/section>\n\t\t\t\t<section class=\"elementor-section elementor-top-section elementor-element elementor-element-94cd07a elementor-section-boxed elementor-section-height-default elementor-section-height-default\" data-id=\"94cd07a\" data-element_type=\"section\" data-e-type=\"section\">\n\t\t\t\t\t\t<div class=\"elementor-container elementor-column-gap-default\">\n\t\t\t\t\t<div class=\"elementor-column elementor-col-100 elementor-top-column elementor-element elementor-element-64b36b6\" data-id=\"64b36b6\" data-element_type=\"column\" data-e-type=\"column\">\n\t\t\t<div class=\"elementor-widget-wrap elementor-element-populated\">\n\t\t\t\t\t\t<div class=\"elementor-element elementor-element-462c1a4 elementor-widget-divider--view-line elementor-widget elementor-widget-divider\" data-id=\"462c1a4\" data-element_type=\"widget\" data-e-type=\"widget\" data-widget_type=\"divider.default\">\n\t\t\t\t\t\t\t<div class=\"elementor-divider\">\n\t\t\t<span class=\"elementor-divider-separator\">\n\t\t\t\t\t\t<\/span>\n\t\t<\/div>\n\t\t\t\t\t\t<\/div>\n\t\t\t\t\t<\/div>\n\t\t<\/div>\n\t\t\t\t\t<\/div>\n\t\t<\/section>\n\t\t\t\t<section class=\"elementor-section elementor-top-section elementor-element elementor-element-462b9dc elementor-section-boxed elementor-section-height-default elementor-section-height-default\" data-id=\"462b9dc\" data-element_type=\"section\" data-e-type=\"section\">\n\t\t\t\t\t\t<div class=\"elementor-container elementor-column-gap-default\">\n\t\t\t\t\t<div class=\"elementor-column elementor-col-50 elementor-top-column elementor-element elementor-element-fe1723e\" data-id=\"fe1723e\" data-element_type=\"column\" data-e-type=\"column\">\n\t\t\t<div class=\"elementor-widget-wrap elementor-element-populated\">\n\t\t\t\t\t\t<div class=\"elementor-element elementor-element-fc50ac8 elementor-widget elementor-widget-image\" data-id=\"fc50ac8\" data-element_type=\"widget\" data-e-type=\"widget\" data-widget_type=\"image.default\">\n\t\t\t\t\t\t\t\t\t\t\t\t\t\t\t<img decoding=\"async\" width=\"1280\" height=\"853\" src=\"https:\/\/fjallspirit.com\/wp-content\/uploads\/2025\/03\/bushcr2.jpg\" class=\"attachment-full size-full wp-image-1230\" alt=\"\" srcset=\"https:\/\/fjallspirit.com\/wp-content\/uploads\/2025\/03\/bushcr2.jpg 1280w, https:\/\/fjallspirit.com\/wp-content\/uploads\/2025\/03\/bushcr2-300x200.jpg 300w, https:\/\/fjallspirit.com\/wp-content\/uploads\/2025\/03\/bushcr2-1024x682.jpg 1024w, https:\/\/fjallspirit.com\/wp-content\/uploads\/2025\/03\/bushcr2-768x512.jpg 768w\" sizes=\"(max-width: 1280px) 100vw, 1280px\" \/>\t\t\t\t\t\t\t\t\t\t\t\t\t\t\t<\/div>\n\t\t\t\t\t<\/div>\n\t\t<\/div>\n\t\t\t\t<div class=\"elementor-column elementor-col-50 elementor-top-column elementor-element elementor-element-fc938ff\" data-id=\"fc938ff\" data-element_type=\"column\" data-e-type=\"column\">\n\t\t\t<div class=\"elementor-widget-wrap elementor-element-populated\">\n\t\t\t\t\t\t<div class=\"elementor-element elementor-element-453135b elementor-widget elementor-widget-heading\" data-id=\"453135b\" data-element_type=\"widget\" data-e-type=\"widget\" data-widget_type=\"heading.default\">\n\t\t\t\t\t<h2 class=\"elementor-heading-title elementor-size-default\">Programm der Woche<\/h2>\t\t\t\t<\/div>\n\t\t\t\t<div class=\"elementor-element elementor-element-96c2d9f elementor-widget elementor-widget-text-editor\" data-id=\"96c2d9f\" data-element_type=\"widget\" data-e-type=\"widget\" data-widget_type=\"text-editor.default\">\n\t\t\t\t\t\t\t\t\t<p><strong>Tag 1:<\/strong> Ankunft, Einchecken in eines unserer gem\u00fctlichen Cottages, Treffen mit den Reiseleitern und Erkl\u00e4rung des Programms.<\/p><p><strong>Tag 2:<\/strong> Theorie und Praxis: Feuer machen, Navigieren mit Karte und Kompass und Bau einer Unterkunft in der Survival School nahe dem Basislager.<\/p><p><strong>Tag 3:<\/strong> Wanderung zum \u00dcbernachtungsplatz, wo Sie die erlernten Techniken anwenden werden. Sie werden lernen, wie man zeltet, Hygiene im Freien betreibt, Trinkwasser findet, auf einem offenen Feuer kocht und die Nacht in einer selbstgebauten Unterkunft verbringt. <\/p><p><strong>Tag 4:<\/strong> Ein Teil der Gruppe geht angeln, w\u00e4hrend der Rest das Lager ausbaut. Gemeinsam kochen wir auf einem offenen Feuer und genie\u00dfen die Natur. <\/p><p><strong>Tag 5:<\/strong> Dieselben Aktivit\u00e4ten wie an Tag 4, mit weiterer Vertiefung der Techniken.<\/p><p><strong>Tag 6:<\/strong> Wir verfeinern unsere Bushcraft-F\u00e4higkeiten, kehren f\u00fcr eine hei\u00dfe Dusche ins Basislager zur\u00fcck und beenden die Woche mit einem gemeinsamen Abendessen.<\/p><p><strong>Tag 7:<\/strong> Transfer zur\u00fcck zum Flughafen \u00d6stersund.<\/p>\t\t\t\t\t\t\t\t<\/div>\n\t\t\t\t\t<\/div>\n\t\t<\/div>\n\t\t\t\t\t<\/div>\n\t\t<\/section>\n\t\t\t\t<section class=\"elementor-section elementor-top-section elementor-element elementor-element-8b4dee8 elementor-section-boxed elementor-section-height-default elementor-section-height-default\" data-id=\"8b4dee8\" data-element_type=\"section\" data-e-type=\"section\">\n\t\t\t\t\t\t<div class=\"elementor-container elementor-column-gap-default\">\n\t\t\t\t\t<div class=\"elementor-column elementor-col-100 elementor-top-column elementor-element elementor-element-a6df794\" data-id=\"a6df794\" data-element_type=\"column\" data-e-type=\"column\">\n\t\t\t<div class=\"elementor-widget-wrap elementor-element-populated\">\n\t\t\t\t\t\t<div class=\"elementor-element elementor-element-9111eb7 elementor-widget-divider--view-line elementor-widget elementor-widget-divider\" data-id=\"9111eb7\" data-element_type=\"widget\" data-e-type=\"widget\" data-widget_type=\"divider.default\">\n\t\t\t\t\t\t\t<div class=\"elementor-divider\">\n\t\t\t<span class=\"elementor-divider-separator\">\n\t\t\t\t\t\t<\/span>\n\t\t<\/div>\n\t\t\t\t\t\t<\/div>\n\t\t\t\t\t<\/div>\n\t\t<\/div>\n\t\t\t\t\t<\/div>\n\t\t<\/section>\n\t\t\t\t<section class=\"elementor-section elementor-top-section elementor-element elementor-element-b3a7680 elementor-section-boxed elementor-section-height-default elementor-section-height-default\" data-id=\"b3a7680\" data-element_type=\"section\" data-e-type=\"section\">\n\t\t\t\t\t\t<div class=\"elementor-container elementor-column-gap-default\">\n\t\t\t\t\t<div class=\"elementor-column elementor-col-50 elementor-top-column elementor-element elementor-element-674f8f3\" data-id=\"674f8f3\" data-element_type=\"column\" data-e-type=\"column\">\n\t\t\t<div class=\"elementor-widget-wrap elementor-element-populated\">\n\t\t\t\t\t\t<div class=\"elementor-element elementor-element-a517c4e elementor-widget elementor-widget-image\" data-id=\"a517c4e\" data-element_type=\"widget\" data-e-type=\"widget\" data-widget_type=\"image.default\">\n\t\t\t\t\t\t\t\t\t\t\t\t\t\t\t<img decoding=\"async\" width=\"940\" height=\"705\" src=\"https:\/\/fjallspirit.com\/wp-content\/uploads\/2025\/02\/P10200936021.jpg\" class=\"attachment-full size-full wp-image-1104\" alt=\"\" srcset=\"https:\/\/fjallspirit.com\/wp-content\/uploads\/2025\/02\/P10200936021.jpg 940w, https:\/\/fjallspirit.com\/wp-content\/uploads\/2025\/02\/P10200936021-300x225.jpg 300w, https:\/\/fjallspirit.com\/wp-content\/uploads\/2025\/02\/P10200936021-768x576.jpg 768w\" sizes=\"(max-width: 940px) 100vw, 940px\" \/>\t\t\t\t\t\t\t\t\t\t\t\t\t\t\t<\/div>\n\t\t\t\t\t<\/div>\n\t\t<\/div>\n\t\t\t\t<div class=\"elementor-column elementor-col-50 elementor-top-column elementor-element elementor-element-d7b7342\" data-id=\"d7b7342\" data-element_type=\"column\" data-e-type=\"column\">\n\t\t\t<div class=\"elementor-widget-wrap elementor-element-populated\">\n\t\t\t\t\t\t<div class=\"elementor-element elementor-element-f252d30 elementor-widget elementor-widget-heading\" data-id=\"f252d30\" data-element_type=\"widget\" data-e-type=\"widget\" data-widget_type=\"heading.default\">\n\t\t\t\t\t<h2 class=\"elementor-heading-title elementor-size-default\">Praktische Informationen  <\/h2>\t\t\t\t<\/div>\n\t\t\t\t<div class=\"elementor-element elementor-element-416cd2c elementor-widget elementor-widget-text-editor\" data-id=\"416cd2c\" data-element_type=\"widget\" data-e-type=\"widget\" data-widget_type=\"text-editor.default\">\n\t\t\t\t\t\t\t\t\t<p><strong>Saison:<\/strong> Buchbar von Mitte Juni bis Mitte Oktober.<br><strong>Teilnehmer:<\/strong> Maximal 8 Personen.<br><strong>Inklusive:<\/strong><\/p><ul><li>Transfer vom und zum Flughafen \u00d6stersund.<\/li><li>7 Tage in Begleitung erfahrener F\u00fchrer.<\/li><li>\u00dcbernachtung in H\u00fctten und selbstgebauten Unterk\u00fcnften.<\/li><li>Vollst\u00e4ndige Mahlzeiten, einschlie\u00dflich Zutaten f\u00fcr das Kochen im Freien.<\/li><li>Verwendung der notwendigen Materialien und Ausr\u00fcstung.<\/li><\/ul>\t\t\t\t\t\t\t\t<\/div>\n\t\t\t\t\t<\/div>\n\t\t<\/div>\n\t\t\t\t\t<\/div>\n\t\t<\/section>\n\t\t\t\t<section class=\"elementor-section elementor-top-section elementor-element elementor-element-5eee4562 elementor-section-boxed elementor-section-height-default elementor-section-height-default\" data-id=\"5eee4562\" data-element_type=\"section\" data-e-type=\"section\" data-settings=\"{&quot;background_background&quot;:&quot;classic&quot;}\">\n\t\t\t\t\t\t\t<div class=\"elementor-background-overlay\"><\/div>\n\t\t\t\t\t\t\t<div class=\"elementor-container elementor-column-gap-default\">\n\t\t\t\t\t<div class=\"elementor-column elementor-col-100 elementor-top-column elementor-element elementor-element-31fc32a5\" data-id=\"31fc32a5\" data-element_type=\"column\" data-e-type=\"column\">\n\t\t\t<div class=\"elementor-widget-wrap elementor-element-populated\">\n\t\t\t\t\t\t<div class=\"elementor-element elementor-element-bf41d43 elementor-widget elementor-widget-heading\" data-id=\"bf41d43\" data-element_type=\"widget\" data-e-type=\"widget\" data-widget_type=\"heading.default\">\n\t\t\t\t\t<h2 class=\"elementor-heading-title elementor-size-default\">Planen Sie Ihr Abenteuer<\/h2>\t\t\t\t<\/div>\n\t\t\t\t<div class=\"elementor-element elementor-element-46864d45 elementor-widget elementor-widget-text-editor\" data-id=\"46864d45\" data-element_type=\"widget\" data-e-type=\"widget\" data-widget_type=\"text-editor.default\">\n\t\t\t\t\t\t\t\t\t<p>Sind Sie bereit f\u00fcr ein unvergessliches Abenteuer im Schnee? Klicken Sie auf die Schaltfl\u00e4che unten, um uns noch heute zu kontaktieren und machen Sie sich bereit f\u00fcr ein Erlebnis, das Sie f\u00fcr immer in Erinnerung behalten werden!<\/p>\t\t\t\t\t\t\t\t<\/div>\n\t\t\t\t<div class=\"elementor-element elementor-element-61b517b2 elementor-align-center elementor-widget elementor-widget-button\" data-id=\"61b517b2\" data-element_type=\"widget\" data-e-type=\"widget\" data-widget_type=\"button.default\">\n\t\t\t\t\t\t\t\t\t\t<a class=\"elementor-button elementor-button-link elementor-size-sm\" href=\"https:\/\/fjallspirit.com\/contact\/\">\n\t\t\t\t\t\t<span class=\"elementor-button-content-wrapper\">\n\t\t\t\t\t\t\t\t\t<span class=\"elementor-button-text\">Kontakt aufnehmen  <\/span>\n\t\t\t\t\t<\/span>\n\t\t\t\t\t<\/a>\n\t\t\t\t\t\t\t\t<\/div>\n\t\t\t\t\t<\/div>\n\t\t<\/div>\n\t\t\t\t\t<\/div>\n\t\t<\/section>\n\t\t\t\t<section class=\"elementor-section elementor-top-section elementor-element elementor-element-285f60ee elementor-section-full_width elementor-section-height-default elementor-section-height-default\" data-id=\"285f60ee\" data-element_type=\"section\" data-e-type=\"section\">\n\t\t\t\t\t\t<div class=\"elementor-container elementor-column-gap-default\">\n\t\t\t\t\t<div class=\"elementor-column elementor-col-100 elementor-top-column elementor-element elementor-element-14c21745\" data-id=\"14c21745\" data-element_type=\"column\" data-e-type=\"column\">\n\t\t\t<div class=\"elementor-widget-wrap elementor-element-populated\">\n\t\t\t\t\t\t<section class=\"elementor-section elementor-inner-section elementor-element elementor-element-14666604 elementor-section-boxed elementor-section-height-default elementor-section-height-default\" data-id=\"14666604\" data-element_type=\"section\" data-e-type=\"section\">\n\t\t\t\t\t\t<div class=\"elementor-container elementor-column-gap-default\">\n\t\t\t\t\t<div class=\"elementor-column elementor-col-100 elementor-inner-column elementor-element elementor-element-20eca70c\" data-id=\"20eca70c\" data-element_type=\"column\" data-e-type=\"column\">\n\t\t\t<div class=\"elementor-widget-wrap elementor-element-populated\">\n\t\t\t\t\t\t<div class=\"elementor-element elementor-element-63168fce elementor-widget__width-initial elementor-widget elementor-widget-heading\" data-id=\"63168fce\" data-element_type=\"widget\" data-e-type=\"widget\" data-widget_type=\"heading.default\">\n\t\t\t\t\t<h2 class=\"elementor-heading-title elementor-size-default\">Lassen Sie sich von unseren Abenteuern inspirieren<\/h2>\t\t\t\t<\/div>\n\t\t\t\t\t<\/div>\n\t\t<\/div>\n\t\t\t\t\t<\/div>\n\t\t<\/section>\n\t\t\t\t<section class=\"elementor-section elementor-inner-section elementor-element elementor-element-1f8f7713 elementor-section-boxed elementor-section-height-default elementor-section-height-default\" data-id=\"1f8f7713\" data-element_type=\"section\" data-e-type=\"section\">\n\t\t\t\t\t\t<div class=\"elementor-container elementor-column-gap-default\">\n\t\t\t\t\t<div class=\"elementor-column elementor-col-100 elementor-inner-column elementor-element elementor-element-10ffdcf4\" data-id=\"10ffdcf4\" data-element_type=\"column\" data-e-type=\"column\">\n\t\t\t<div class=\"elementor-widget-wrap elementor-element-populated\">\n\t\t\t\t\t\t<div class=\"elementor-element elementor-element-5609778b elementor-widget__width-initial elementor-widget elementor-widget-text-editor\" data-id=\"5609778b\" data-element_type=\"widget\" data-e-type=\"widget\" data-widget_type=\"text-editor.default\">\n\t\t\t\t\t\t\t\t\t<p>Sehen Sie sich Bilder von unseren Aktivit\u00e4ten an und entdecken Sie den Zauber Schwedens.  <\/p>\t\t\t\t\t\t\t\t<\/div>\n\t\t\t\t\t<\/div>\n\t\t<\/div>\n\t\t\t\t\t<\/div>\n\t\t<\/section>\n\t\t\t\t<section class=\"elementor-section elementor-inner-section elementor-element elementor-element-6d7dfad4 elementor-section-full_width elementor-section-height-default elementor-section-height-default\" data-id=\"6d7dfad4\" data-element_type=\"section\" data-e-type=\"section\">\n\t\t\t\t\t\t<div class=\"elementor-container elementor-column-gap-default\">\n\t\t\t\t\t<div class=\"elementor-column elementor-col-33 elementor-inner-column elementor-element elementor-element-717a0a9b\" data-id=\"717a0a9b\" data-element_type=\"column\" data-e-type=\"column\">\n\t\t\t<div class=\"elementor-widget-wrap elementor-element-populated\">\n\t\t\t\t\t\t<div class=\"elementor-element elementor-element-1efd8fa2 elementor-widget elementor-widget-image\" data-id=\"1efd8fa2\" data-element_type=\"widget\" data-e-type=\"widget\" data-widget_type=\"image.default\">\n\t\t\t\t\t\t\t\t\t\t\t\t\t\t\t<img loading=\"lazy\" decoding=\"async\" width=\"1440\" height=\"1080\" src=\"https:\/\/fjallspirit.com\/wp-content\/uploads\/2025\/02\/Fjallspirit7.jpg\" class=\"attachment-full size-full wp-image-1014\" alt=\"\" srcset=\"https:\/\/fjallspirit.com\/wp-content\/uploads\/2025\/02\/Fjallspirit7.jpg 1440w, https:\/\/fjallspirit.com\/wp-content\/uploads\/2025\/02\/Fjallspirit7-300x225.jpg 300w, https:\/\/fjallspirit.com\/wp-content\/uploads\/2025\/02\/Fjallspirit7-1024x768.jpg 1024w, https:\/\/fjallspirit.com\/wp-content\/uploads\/2025\/02\/Fjallspirit7-768x576.jpg 768w\" sizes=\"(max-width: 1440px) 100vw, 1440px\" \/>\t\t\t\t\t\t\t\t\t\t\t\t\t\t\t<\/div>\n\t\t\t\t\t<\/div>\n\t\t<\/div>\n\t\t\t\t<div class=\"elementor-column elementor-col-33 elementor-inner-column elementor-element elementor-element-3def28a8\" data-id=\"3def28a8\" data-element_type=\"column\" data-e-type=\"column\">\n\t\t\t<div class=\"elementor-widget-wrap elementor-element-populated\">\n\t\t\t\t\t\t<div class=\"elementor-element elementor-element-14a808e elementor-widget elementor-widget-image\" data-id=\"14a808e\" data-element_type=\"widget\" data-e-type=\"widget\" data-widget_type=\"image.default\">\n\t\t\t\t\t\t\t\t\t\t\t\t\t\t\t<img decoding=\"async\" src=\"https:\/\/fjallspirit.com\/wp-content\/uploads\/2025\/02\/ArcticHusky1544.jpg\" title=\"\" alt=\"\" loading=\"lazy\" \/>\t\t\t\t\t\t\t\t\t\t\t\t\t\t\t<\/div>\n\t\t\t\t\t<\/div>\n\t\t<\/div>\n\t\t\t\t<div class=\"elementor-column elementor-col-33 elementor-inner-column elementor-element elementor-element-71e511cd\" data-id=\"71e511cd\" data-element_type=\"column\" data-e-type=\"column\">\n\t\t\t<div class=\"elementor-widget-wrap elementor-element-populated\">\n\t\t\t\t\t\t<div class=\"elementor-element elementor-element-1b55d2eb elementor-widget elementor-widget-image\" data-id=\"1b55d2eb\" data-element_type=\"widget\" data-e-type=\"widget\" data-widget_type=\"image.default\">\n\t\t\t\t\t\t\t\t\t\t\t\t\t\t\t<img loading=\"lazy\" decoding=\"async\" width=\"800\" height=\"530\" src=\"https:\/\/fjallspirit.com\/wp-content\/uploads\/2025\/02\/Fjallspirit1.jpg\" class=\"attachment-full size-full wp-image-996\" alt=\"\" srcset=\"https:\/\/fjallspirit.com\/wp-content\/uploads\/2025\/02\/Fjallspirit1.jpg 800w, https:\/\/fjallspirit.com\/wp-content\/uploads\/2025\/02\/Fjallspirit1-300x199.jpg 300w, https:\/\/fjallspirit.com\/wp-content\/uploads\/2025\/02\/Fjallspirit1-768x509.jpg 768w\" sizes=\"(max-width: 800px) 100vw, 800px\" \/>\t\t\t\t\t\t\t\t\t\t\t\t\t\t\t<\/div>\n\t\t\t\t\t<\/div>\n\t\t<\/div>\n\t\t\t\t\t<\/div>\n\t\t<\/section>\n\t\t\t\t<div class=\"elementor-element elementor-element-76f41e65 elementor-align-center elementor-widget__width-auto elementor-widget elementor-widget-button\" data-id=\"76f41e65\" data-element_type=\"widget\" data-e-type=\"widget\" data-widget_type=\"button.default\">\n\t\t\t\t\t\t\t\t\t\t<a class=\"elementor-button elementor-button-link elementor-size-sm\" href=\"https:\/\/www.facebook.com\/fjallspirit\/\">\n\t\t\t\t\t\t<span class=\"elementor-button-content-wrapper\">\n\t\t\t\t\t\t<span class=\"elementor-button-icon\">\n\t\t\t\t<svg aria-hidden=\"true\" class=\"e-font-icon-svg e-fab-facebook\" viewBox=\"0 0 512 512\" xmlns=\"http:\/\/www.w3.org\/2000\/svg\"><path d=\"M504 256C504 119 393 8 256 8S8 119 8 256c0 123.78 90.69 226.38 209.25 245V327.69h-63V256h63v-54.64c0-62.15 37-96.48 93.67-96.48 27.14 0 55.52 4.84 55.52 4.84v61h-31.28c-30.8 0-40.41 19.12-40.41 38.73V256h68.78l-11 71.69h-57.78V501C413.31 482.38 504 379.78 504 256z\"><\/path><\/svg>\t\t\t<\/span>\n\t\t\t\t\t\t\t\t\t<span class=\"elementor-button-text\">Facebook<\/span>\n\t\t\t\t\t<\/span>\n\t\t\t\t\t<\/a>\n\t\t\t\t\t\t\t\t<\/div>\n\t\t\t\t<div class=\"elementor-element elementor-element-25899752 elementor-align-center elementor-widget__width-auto elementor-widget elementor-widget-button\" data-id=\"25899752\" data-element_type=\"widget\" data-e-type=\"widget\" data-widget_type=\"button.default\">\n\t\t\t\t\t\t\t\t\t\t<a class=\"elementor-button elementor-button-link elementor-size-sm\" href=\"https:\/\/www.instagram.com\/fjallspirit_outdoor\/\" target=\"_blank\">\n\t\t\t\t\t\t<span class=\"elementor-button-content-wrapper\">\n\t\t\t\t\t\t<span class=\"elementor-button-icon\">\n\t\t\t\t<svg aria-hidden=\"true\" class=\"e-font-icon-svg e-fab-instagram\" viewBox=\"0 0 448 512\" xmlns=\"http:\/\/www.w3.org\/2000\/svg\"><path d=\"M224.1 141c-63.6 0-114.9 51.3-114.9 114.9s51.3 114.9 114.9 114.9S339 319.5 339 255.9 287.7 141 224.1 141zm0 189.6c-41.1 0-74.7-33.5-74.7-74.7s33.5-74.7 74.7-74.7 74.7 33.5 74.7 74.7-33.6 74.7-74.7 74.7zm146.4-194.3c0 14.9-12 26.8-26.8 26.8-14.9 0-26.8-12-26.8-26.8s12-26.8 26.8-26.8 26.8 12 26.8 26.8zm76.1 27.2c-1.7-35.9-9.9-67.7-36.2-93.9-26.2-26.2-58-34.4-93.9-36.2-37-2.1-147.9-2.1-184.9 0-35.8 1.7-67.6 9.9-93.9 36.1s-34.4 58-36.2 93.9c-2.1 37-2.1 147.9 0 184.9 1.7 35.9 9.9 67.7 36.2 93.9s58 34.4 93.9 36.2c37 2.1 147.9 2.1 184.9 0 35.9-1.7 67.7-9.9 93.9-36.2 26.2-26.2 34.4-58 36.2-93.9 2.1-37 2.1-147.8 0-184.8zM398.8 388c-7.8 19.6-22.9 34.7-42.6 42.6-29.5 11.7-99.5 9-132.1 9s-102.7 2.6-132.1-9c-19.6-7.8-34.7-22.9-42.6-42.6-11.7-29.5-9-99.5-9-132.1s-2.6-102.7 9-132.1c7.8-19.6 22.9-34.7 42.6-42.6 29.5-11.7 99.5-9 132.1-9s102.7-2.6 132.1 9c19.6 7.8 34.7 22.9 42.6 42.6 11.7 29.5 9 99.5 9 132.1s2.7 102.7-9 132.1z\"><\/path><\/svg>\t\t\t<\/span>\n\t\t\t\t\t\t\t\t\t<span class=\"elementor-button-text\">Instagram<\/span>\n\t\t\t\t\t<\/span>\n\t\t\t\t\t<\/a>\n\t\t\t\t\t\t\t\t<\/div>\n\t\t\t\t\t<\/div>\n\t\t<\/div>\n\t\t\t\t\t<\/div>\n\t\t<\/section>\n\t\t\t\t<\/div>\n\t\t","protected":false},"excerpt":{"rendered":"<p>Basic Bushcraft Sommer W\u00e4hrend dieses einw\u00f6chigen Bushcraft-Kurses bringen wir Ihnen die grundlegenden F\u00e4higkeiten des Bushcraft bei, w\u00e4hrend Sie die unber\u00fchrte schwedische Natur in vollen Z\u00fcgen genie\u00dfen k\u00f6nnen. Kehren Sie zur\u00fcck zur Natur und entdecken Sie, wie Sie alles, was Mutter Natur zu bieten hat, zum \u00dcberleben nutzen k\u00f6nnen. Was werden Sie in dem Bushcraft-Kurs lernen? [&hellip;]<\/p>\n","protected":false},"author":1,"featured_media":0,"parent":0,"menu_order":0,"comment_status":"closed","ping_status":"closed","template":"","meta":{"footnotes":""},"class_list":["post-1394","page","type-page","status-publish","hentry"],"_links":{"self":[{"href":"https:\/\/fjallspirit.com\/de\/wp-json\/wp\/v2\/pages\/1394","targetHints":{"allow":["GET"]}}],"collection":[{"href":"https:\/\/fjallspirit.com\/de\/wp-json\/wp\/v2\/pages"}],"about":[{"href":"https:\/\/fjallspirit.com\/de\/wp-json\/wp\/v2\/types\/page"}],"author":[{"embeddable":true,"href":"https:\/\/fjallspirit.com\/de\/wp-json\/wp\/v2\/users\/1"}],"replies":[{"embeddable":true,"href":"https:\/\/fjallspirit.com\/de\/wp-json\/wp\/v2\/comments?post=1394"}],"version-history":[{"count":1,"href":"https:\/\/fjallspirit.com\/de\/wp-json\/wp\/v2\/pages\/1394\/revisions"}],"predecessor-version":[{"id":1395,"href":"https:\/\/fjallspirit.com\/de\/wp-json\/wp\/v2\/pages\/1394\/revisions\/1395"}],"wp:attachment":[{"href":"https:\/\/fjallspirit.com\/de\/wp-json\/wp\/v2\/media?parent=1394"}],"curies":[{"name":"wp","href":"https:\/\/api.w.org\/{rel}","templated":true}]}}