{"id":1343,"date":"2025-02-10T11:42:08","date_gmt":"2025-02-10T10:42:08","guid":{"rendered":"https:\/\/fjallspirit.com\/unterkuenfte\/"},"modified":"2026-01-06T17:08:31","modified_gmt":"2026-01-06T16:08:31","slug":"unterkuenfte","status":"publish","type":"page","link":"https:\/\/fjallspirit.com\/de\/unterkuenfte\/","title":{"rendered":"Unterk\u00fcnfte"},"content":{"rendered":"\t\t<div data-elementor-type=\"wp-page\" data-elementor-id=\"1343\" class=\"elementor elementor-1343 elementor-392\" data-elementor-post-type=\"page\">\n\t\t\t\t\t\t<section class=\"elementor-section elementor-top-section elementor-element elementor-element-9a18fc3 elementor-section-boxed elementor-section-height-default elementor-section-height-default\" data-id=\"9a18fc3\" data-element_type=\"section\" data-e-type=\"section\" data-settings=\"{&quot;background_background&quot;:&quot;classic&quot;}\">\n\t\t\t\t\t\t\t<div class=\"elementor-background-overlay\"><\/div>\n\t\t\t\t\t\t\t<div class=\"elementor-container elementor-column-gap-default\">\n\t\t\t\t\t<div class=\"elementor-column elementor-col-100 elementor-top-column elementor-element elementor-element-217c90c\" data-id=\"217c90c\" data-element_type=\"column\" data-e-type=\"column\">\n\t\t\t<div class=\"elementor-widget-wrap elementor-element-populated\">\n\t\t\t\t\t\t<div class=\"elementor-element elementor-element-859f3d7 elementor-widget elementor-widget-heading\" data-id=\"859f3d7\" data-element_type=\"widget\" data-e-type=\"widget\" data-widget_type=\"heading.default\">\n\t\t\t\t\t<h1 class=\"elementor-heading-title elementor-size-default\">Unterk\u00fcnfte<\/h1>\t\t\t\t<\/div>\n\t\t\t\t<div class=\"elementor-element elementor-element-e551ddd elementor-widget elementor-widget-text-editor\" data-id=\"e551ddd\" data-element_type=\"widget\" data-e-type=\"widget\" data-widget_type=\"text-editor.default\">\n\t\t\t\t\t\t\t\t\t<p>Genie\u00dfen Sie einen gem\u00fctlichen und entspannten Urlaub in unseren typisch schwedischen Ferienh\u00e4usern auf unserer Huskyfarm. Mit direktem Zugang zum See, zu Wanderwegen und Schneemobilrouten sind unsere Ferienh\u00e4user der ideale Ort, um die Sch\u00f6nheit der Natur zu erleben.<\/p>\t\t\t\t\t\t\t\t<\/div>\n\t\t\t\t\t<\/div>\n\t\t<\/div>\n\t\t\t\t\t<\/div>\n\t\t<\/section>\n\t\t\t\t<section class=\"elementor-section elementor-top-section elementor-element elementor-element-bb4d619 elementor-section-boxed elementor-section-height-default elementor-section-height-default\" data-id=\"bb4d619\" data-element_type=\"section\" data-e-type=\"section\">\n\t\t\t\t\t\t<div class=\"elementor-container elementor-column-gap-default\">\n\t\t\t\t\t<div class=\"elementor-column elementor-col-50 elementor-top-column elementor-element elementor-element-93ce248\" data-id=\"93ce248\" data-element_type=\"column\" data-e-type=\"column\">\n\t\t\t<div class=\"elementor-widget-wrap elementor-element-populated\">\n\t\t\t\t\t\t<div class=\"elementor-element elementor-element-ef1ca7e elementor-widget elementor-widget-image\" data-id=\"ef1ca7e\" data-element_type=\"widget\" data-e-type=\"widget\" data-widget_type=\"image.default\">\n\t\t\t\t\t\t\t\t\t\t\t\t\t\t\t<img fetchpriority=\"high\" decoding=\"async\" width=\"1280\" height=\"960\" src=\"https:\/\/fjallspirit.com\/wp-content\/uploads\/2025\/03\/20200623_173208.jpg\" class=\"attachment-full size-full wp-image-1254\" alt=\"\" srcset=\"https:\/\/fjallspirit.com\/wp-content\/uploads\/2025\/03\/20200623_173208.jpg 1280w, https:\/\/fjallspirit.com\/wp-content\/uploads\/2025\/03\/20200623_173208-300x225.jpg 300w, https:\/\/fjallspirit.com\/wp-content\/uploads\/2025\/03\/20200623_173208-1024x768.jpg 1024w, https:\/\/fjallspirit.com\/wp-content\/uploads\/2025\/03\/20200623_173208-768x576.jpg 768w\" sizes=\"(max-width: 1280px) 100vw, 1280px\" \/>\t\t\t\t\t\t\t\t\t\t\t\t\t\t\t<\/div>\n\t\t\t\t\t<\/div>\n\t\t<\/div>\n\t\t\t\t<div class=\"elementor-column elementor-col-50 elementor-top-column elementor-element elementor-element-5bbcbe7\" data-id=\"5bbcbe7\" data-element_type=\"column\" data-e-type=\"column\">\n\t\t\t<div class=\"elementor-widget-wrap elementor-element-populated\">\n\t\t\t\t\t\t<div class=\"elementor-element elementor-element-04af8d6 elementor-widget elementor-widget-heading\" data-id=\"04af8d6\" data-element_type=\"widget\" data-e-type=\"widget\" data-widget_type=\"heading.default\">\n\t\t\t\t\t<h2 class=\"elementor-heading-title elementor-size-default\">Unsere Ferienh\u00e4user<\/h2>\t\t\t\t<\/div>\n\t\t\t\t<div class=\"elementor-element elementor-element-2222098 elementor-widget elementor-widget-text-editor\" data-id=\"2222098\" data-element_type=\"widget\" data-e-type=\"widget\" data-widget_type=\"text-editor.default\">\n\t\t\t\t\t\t\t\t\t<p>Unsere k\u00fcrzlich renovierten Cottages bieten alles, was Sie f\u00fcr einen komfortablen Aufenthalt ben\u00f6tigen. Jedes Cottage ist ausgestattet mit:<\/p><ul><li>Zwei gem\u00fctliche Schlaflofts, geeignet f\u00fcr 4 Personen.<\/li><li>Eine kleine K\u00fcche mit Essbereich.<\/li><li>Ein Badezimmer mit Dusche und Toilette.<\/li><li>Eine Sitzecke mit der M\u00f6glichkeit, DVDs anzusehen.<\/li><\/ul>\t\t\t\t\t\t\t\t<\/div>\n\t\t\t\t\t<\/div>\n\t\t<\/div>\n\t\t\t\t\t<\/div>\n\t\t<\/section>\n\t\t\t\t<section class=\"elementor-section elementor-top-section elementor-element elementor-element-94cd07a elementor-section-boxed elementor-section-height-default elementor-section-height-default\" data-id=\"94cd07a\" data-element_type=\"section\" data-e-type=\"section\">\n\t\t\t\t\t\t<div class=\"elementor-container elementor-column-gap-default\">\n\t\t\t\t\t<div class=\"elementor-column elementor-col-100 elementor-top-column elementor-element elementor-element-64b36b6\" data-id=\"64b36b6\" data-element_type=\"column\" data-e-type=\"column\">\n\t\t\t<div class=\"elementor-widget-wrap elementor-element-populated\">\n\t\t\t\t\t\t<div class=\"elementor-element elementor-element-462c1a4 elementor-widget-divider--view-line elementor-widget elementor-widget-divider\" data-id=\"462c1a4\" data-element_type=\"widget\" data-e-type=\"widget\" data-widget_type=\"divider.default\">\n\t\t\t\t\t\t\t<div class=\"elementor-divider\">\n\t\t\t<span class=\"elementor-divider-separator\">\n\t\t\t\t\t\t<\/span>\n\t\t<\/div>\n\t\t\t\t\t\t<\/div>\n\t\t\t\t\t<\/div>\n\t\t<\/div>\n\t\t\t\t\t<\/div>\n\t\t<\/section>\n\t\t\t\t<section class=\"elementor-section elementor-top-section elementor-element elementor-element-462b9dc elementor-section-boxed elementor-section-height-default elementor-section-height-default\" data-id=\"462b9dc\" data-element_type=\"section\" data-e-type=\"section\">\n\t\t\t\t\t\t<div class=\"elementor-container elementor-column-gap-default\">\n\t\t\t\t\t<div class=\"elementor-column elementor-col-50 elementor-top-column elementor-element elementor-element-fe1723e\" data-id=\"fe1723e\" data-element_type=\"column\" data-e-type=\"column\">\n\t\t\t<div class=\"elementor-widget-wrap elementor-element-populated\">\n\t\t\t\t\t\t<div class=\"elementor-element elementor-element-fc50ac8 elementor-widget elementor-widget-image\" data-id=\"fc50ac8\" data-element_type=\"widget\" data-e-type=\"widget\" data-widget_type=\"image.default\">\n\t\t\t\t\t\t\t\t\t\t\t\t\t\t\t<img decoding=\"async\" width=\"1280\" height=\"1933\" src=\"https:\/\/fjallspirit.com\/wp-content\/uploads\/2025\/03\/haus.jpg\" class=\"attachment-full size-full wp-image-1248\" alt=\"\" srcset=\"https:\/\/fjallspirit.com\/wp-content\/uploads\/2025\/03\/haus.jpg 1280w, https:\/\/fjallspirit.com\/wp-content\/uploads\/2025\/03\/haus-199x300.jpg 199w, https:\/\/fjallspirit.com\/wp-content\/uploads\/2025\/03\/haus-678x1024.jpg 678w, https:\/\/fjallspirit.com\/wp-content\/uploads\/2025\/03\/haus-768x1160.jpg 768w, https:\/\/fjallspirit.com\/wp-content\/uploads\/2025\/03\/haus-1017x1536.jpg 1017w\" sizes=\"(max-width: 1280px) 100vw, 1280px\" \/>\t\t\t\t\t\t\t\t\t\t\t\t\t\t\t<\/div>\n\t\t\t\t\t<\/div>\n\t\t<\/div>\n\t\t\t\t<div class=\"elementor-column elementor-col-50 elementor-top-column elementor-element elementor-element-fc938ff\" data-id=\"fc938ff\" data-element_type=\"column\" data-e-type=\"column\">\n\t\t\t<div class=\"elementor-widget-wrap elementor-element-populated\">\n\t\t\t\t\t\t<div class=\"elementor-element elementor-element-453135b elementor-widget elementor-widget-heading\" data-id=\"453135b\" data-element_type=\"widget\" data-e-type=\"widget\" data-widget_type=\"heading.default\">\n\t\t\t\t\t<h2 class=\"elementor-heading-title elementor-size-default\">Einrichtungen und Extras  <\/h2>\t\t\t\t<\/div>\n\t\t\t\t<div class=\"elementor-element elementor-element-96c2d9f elementor-widget elementor-widget-text-editor\" data-id=\"96c2d9f\" data-element_type=\"widget\" data-e-type=\"widget\" data-widget_type=\"text-editor.default\">\n\t\t\t\t\t\t\t\t\t<ul><li>Strom, Wasser und Heizung sind inbegriffen.<\/li><li>Handt\u00fccher und Bettw\u00e4sche sind inklusive.<\/li><li>Die Cottages k\u00f6nnen pro Tag oder pro Woche gemietet werden, unabh\u00e4ngig davon, ob Sie ein Aktivit\u00e4tspaket buchen.<\/li><\/ul>\t\t\t\t\t\t\t\t<\/div>\n\t\t\t\t\t<\/div>\n\t\t<\/div>\n\t\t\t\t\t<\/div>\n\t\t<\/section>\n\t\t\t\t<section class=\"elementor-section elementor-top-section elementor-element elementor-element-1f25bac elementor-section-boxed elementor-section-height-default elementor-section-height-default\" data-id=\"1f25bac\" data-element_type=\"section\" data-e-type=\"section\">\n\t\t\t\t\t\t<div class=\"elementor-container elementor-column-gap-default\">\n\t\t\t\t\t<div class=\"elementor-column elementor-col-100 elementor-top-column elementor-element elementor-element-e9be5e8\" data-id=\"e9be5e8\" data-element_type=\"column\" data-e-type=\"column\">\n\t\t\t<div class=\"elementor-widget-wrap elementor-element-populated\">\n\t\t\t\t\t\t<div class=\"elementor-element elementor-element-047105e elementor-widget-divider--view-line elementor-widget elementor-widget-divider\" data-id=\"047105e\" data-element_type=\"widget\" data-e-type=\"widget\" data-widget_type=\"divider.default\">\n\t\t\t\t\t\t\t<div class=\"elementor-divider\">\n\t\t\t<span class=\"elementor-divider-separator\">\n\t\t\t\t\t\t<\/span>\n\t\t<\/div>\n\t\t\t\t\t\t<\/div>\n\t\t\t\t\t<\/div>\n\t\t<\/div>\n\t\t\t\t\t<\/div>\n\t\t<\/section>\n\t\t\t\t<section class=\"elementor-section elementor-top-section elementor-element elementor-element-e71735d elementor-section-boxed elementor-section-height-default elementor-section-height-default\" data-id=\"e71735d\" data-element_type=\"section\" data-e-type=\"section\">\n\t\t\t\t\t\t<div class=\"elementor-container elementor-column-gap-default\">\n\t\t\t\t\t<div class=\"elementor-column elementor-col-50 elementor-top-column elementor-element elementor-element-9a547a0\" data-id=\"9a547a0\" data-element_type=\"column\" data-e-type=\"column\">\n\t\t\t<div class=\"elementor-widget-wrap elementor-element-populated\">\n\t\t\t\t\t\t<div class=\"elementor-element elementor-element-242ed2b elementor-widget elementor-widget-image\" data-id=\"242ed2b\" data-element_type=\"widget\" data-e-type=\"widget\" data-widget_type=\"image.default\">\n\t\t\t\t\t\t\t\t\t\t\t\t\t\t\t<img decoding=\"async\" width=\"1280\" height=\"848\" src=\"https:\/\/fjallspirit.com\/wp-content\/uploads\/2025\/03\/haus-2.jpg\" class=\"attachment-full size-full wp-image-1236\" alt=\"\" srcset=\"https:\/\/fjallspirit.com\/wp-content\/uploads\/2025\/03\/haus-2.jpg 1280w, https:\/\/fjallspirit.com\/wp-content\/uploads\/2025\/03\/haus-2-300x199.jpg 300w, https:\/\/fjallspirit.com\/wp-content\/uploads\/2025\/03\/haus-2-1024x678.jpg 1024w, https:\/\/fjallspirit.com\/wp-content\/uploads\/2025\/03\/haus-2-768x509.jpg 768w\" sizes=\"(max-width: 1280px) 100vw, 1280px\" \/>\t\t\t\t\t\t\t\t\t\t\t\t\t\t\t<\/div>\n\t\t\t\t\t<\/div>\n\t\t<\/div>\n\t\t\t\t<div class=\"elementor-column elementor-col-50 elementor-top-column elementor-element elementor-element-f2c7049\" data-id=\"f2c7049\" data-element_type=\"column\" data-e-type=\"column\">\n\t\t\t<div class=\"elementor-widget-wrap elementor-element-populated\">\n\t\t\t\t\t\t<div class=\"elementor-element elementor-element-6cc503a elementor-widget elementor-widget-heading\" data-id=\"6cc503a\" data-element_type=\"widget\" data-e-type=\"widget\" data-widget_type=\"heading.default\">\n\t\t\t\t\t<h2 class=\"elementor-heading-title elementor-size-default\">Preise<\/h2>\t\t\t\t<\/div>\n\t\t\t\t<div class=\"elementor-element elementor-element-46fcfb3 elementor-widget elementor-widget-text-editor\" data-id=\"46fcfb3\" data-element_type=\"widget\" data-e-type=\"widget\" data-widget_type=\"text-editor.default\">\n\t\t\t\t\t\t\t\t\t<ul><li><strong>Sommer:<\/strong> 500 \u20ac pro Woche und Ferienhaus.<\/li><li><strong>Winter:<\/strong> \u20ac550 pro Woche und Ferienhaus.<\/li><li><strong>Kaution:<\/strong> \u20ac100 extra (wird bei Abreise zur\u00fcckerstattet).<\/li><li><strong>Endreinigung:<\/strong> \u20ac30 (optional).<\/li><\/ul>\t\t\t\t\t\t\t\t<\/div>\n\t\t\t\t\t<\/div>\n\t\t<\/div>\n\t\t\t\t\t<\/div>\n\t\t<\/section>\n\t\t\t\t<section class=\"elementor-section elementor-top-section elementor-element elementor-element-2b65fe40 elementor-section-boxed elementor-section-height-default elementor-section-height-default\" data-id=\"2b65fe40\" data-element_type=\"section\" data-e-type=\"section\" data-settings=\"{&quot;background_background&quot;:&quot;classic&quot;}\">\n\t\t\t\t\t\t\t<div class=\"elementor-background-overlay\"><\/div>\n\t\t\t\t\t\t\t<div class=\"elementor-container elementor-column-gap-default\">\n\t\t\t\t\t<div class=\"elementor-column elementor-col-100 elementor-top-column elementor-element elementor-element-310be878\" data-id=\"310be878\" data-element_type=\"column\" data-e-type=\"column\">\n\t\t\t<div class=\"elementor-widget-wrap elementor-element-populated\">\n\t\t\t\t\t\t<div class=\"elementor-element elementor-element-4f57a3db elementor-widget elementor-widget-heading\" data-id=\"4f57a3db\" data-element_type=\"widget\" data-e-type=\"widget\" data-widget_type=\"heading.default\">\n\t\t\t\t\t<h2 class=\"elementor-heading-title elementor-size-default\">Planen Sie Ihr Abenteuer<\/h2>\t\t\t\t<\/div>\n\t\t\t\t<div class=\"elementor-element elementor-element-3c9e5319 elementor-widget elementor-widget-text-editor\" data-id=\"3c9e5319\" data-element_type=\"widget\" data-e-type=\"widget\" data-widget_type=\"text-editor.default\">\n\t\t\t\t\t\t\t\t\t<p>Sind Sie bereit f\u00fcr ein unvergessliches Abenteuer im Schnee? Klicken Sie auf die Schaltfl\u00e4che unten, um uns noch heute zu kontaktieren und machen Sie sich bereit f\u00fcr ein Erlebnis, das Sie f\u00fcr immer in Erinnerung behalten werden!<\/p>\t\t\t\t\t\t\t\t<\/div>\n\t\t\t\t<div class=\"elementor-element elementor-element-74ad3e94 elementor-align-center elementor-widget elementor-widget-button\" data-id=\"74ad3e94\" data-element_type=\"widget\" data-e-type=\"widget\" data-widget_type=\"button.default\">\n\t\t\t\t\t\t\t\t\t\t<a class=\"elementor-button elementor-button-link elementor-size-sm\" href=\"https:\/\/fjallspirit.com\/contact\/\">\n\t\t\t\t\t\t<span class=\"elementor-button-content-wrapper\">\n\t\t\t\t\t\t\t\t\t<span class=\"elementor-button-text\">Kontakt aufnehmen  <\/span>\n\t\t\t\t\t<\/span>\n\t\t\t\t\t<\/a>\n\t\t\t\t\t\t\t\t<\/div>\n\t\t\t\t\t<\/div>\n\t\t<\/div>\n\t\t\t\t\t<\/div>\n\t\t<\/section>\n\t\t\t\t<section class=\"elementor-section elementor-top-section elementor-element elementor-element-7e3b0281 elementor-section-full_width elementor-section-height-default elementor-section-height-default\" data-id=\"7e3b0281\" data-element_type=\"section\" data-e-type=\"section\">\n\t\t\t\t\t\t<div class=\"elementor-container elementor-column-gap-default\">\n\t\t\t\t\t<div class=\"elementor-column elementor-col-100 elementor-top-column elementor-element elementor-element-787be152\" data-id=\"787be152\" data-element_type=\"column\" data-e-type=\"column\">\n\t\t\t<div class=\"elementor-widget-wrap elementor-element-populated\">\n\t\t\t\t\t\t<section class=\"elementor-section elementor-inner-section elementor-element elementor-element-ddfdad7 elementor-section-boxed elementor-section-height-default elementor-section-height-default\" data-id=\"ddfdad7\" data-element_type=\"section\" data-e-type=\"section\">\n\t\t\t\t\t\t<div class=\"elementor-container elementor-column-gap-default\">\n\t\t\t\t\t<div class=\"elementor-column elementor-col-100 elementor-inner-column elementor-element elementor-element-1cb95172\" data-id=\"1cb95172\" data-element_type=\"column\" data-e-type=\"column\">\n\t\t\t<div class=\"elementor-widget-wrap elementor-element-populated\">\n\t\t\t\t\t\t<div class=\"elementor-element elementor-element-3dc34ed2 elementor-widget__width-initial elementor-widget elementor-widget-heading\" data-id=\"3dc34ed2\" data-element_type=\"widget\" data-e-type=\"widget\" data-widget_type=\"heading.default\">\n\t\t\t\t\t<h2 class=\"elementor-heading-title elementor-size-default\">Lassen Sie sich von unseren Abenteuern inspirieren<\/h2>\t\t\t\t<\/div>\n\t\t\t\t\t<\/div>\n\t\t<\/div>\n\t\t\t\t\t<\/div>\n\t\t<\/section>\n\t\t\t\t<section class=\"elementor-section elementor-inner-section elementor-element elementor-element-628134a elementor-section-boxed elementor-section-height-default elementor-section-height-default\" data-id=\"628134a\" data-element_type=\"section\" data-e-type=\"section\">\n\t\t\t\t\t\t<div class=\"elementor-container elementor-column-gap-default\">\n\t\t\t\t\t<div class=\"elementor-column elementor-col-100 elementor-inner-column elementor-element elementor-element-558ae0c5\" data-id=\"558ae0c5\" data-element_type=\"column\" data-e-type=\"column\">\n\t\t\t<div class=\"elementor-widget-wrap elementor-element-populated\">\n\t\t\t\t\t\t<div class=\"elementor-element elementor-element-3d7c7753 elementor-widget__width-initial elementor-widget elementor-widget-text-editor\" data-id=\"3d7c7753\" data-element_type=\"widget\" data-e-type=\"widget\" data-widget_type=\"text-editor.default\">\n\t\t\t\t\t\t\t\t\t<p>Sehen Sie sich Bilder von unseren Aktivit\u00e4ten an und entdecken Sie den Zauber Schwedens.  <\/p>\t\t\t\t\t\t\t\t<\/div>\n\t\t\t\t\t<\/div>\n\t\t<\/div>\n\t\t\t\t\t<\/div>\n\t\t<\/section>\n\t\t\t\t<section class=\"elementor-section elementor-inner-section elementor-element elementor-element-2293e840 elementor-section-full_width elementor-section-height-default elementor-section-height-default\" data-id=\"2293e840\" data-element_type=\"section\" data-e-type=\"section\">\n\t\t\t\t\t\t<div class=\"elementor-container elementor-column-gap-default\">\n\t\t\t\t\t<div class=\"elementor-column elementor-col-33 elementor-inner-column elementor-element elementor-element-3872634c\" data-id=\"3872634c\" data-element_type=\"column\" data-e-type=\"column\">\n\t\t\t<div class=\"elementor-widget-wrap elementor-element-populated\">\n\t\t\t\t\t\t<div class=\"elementor-element elementor-element-7e68f950 elementor-widget elementor-widget-image\" data-id=\"7e68f950\" data-element_type=\"widget\" data-e-type=\"widget\" data-widget_type=\"image.default\">\n\t\t\t\t\t\t\t\t\t\t\t\t\t\t\t<img loading=\"lazy\" decoding=\"async\" width=\"1440\" height=\"1080\" src=\"https:\/\/fjallspirit.com\/wp-content\/uploads\/2025\/02\/Fjallspirit7.jpg\" class=\"attachment-full size-full wp-image-1014\" alt=\"\" srcset=\"https:\/\/fjallspirit.com\/wp-content\/uploads\/2025\/02\/Fjallspirit7.jpg 1440w, https:\/\/fjallspirit.com\/wp-content\/uploads\/2025\/02\/Fjallspirit7-300x225.jpg 300w, https:\/\/fjallspirit.com\/wp-content\/uploads\/2025\/02\/Fjallspirit7-1024x768.jpg 1024w, https:\/\/fjallspirit.com\/wp-content\/uploads\/2025\/02\/Fjallspirit7-768x576.jpg 768w\" sizes=\"(max-width: 1440px) 100vw, 1440px\" \/>\t\t\t\t\t\t\t\t\t\t\t\t\t\t\t<\/div>\n\t\t\t\t\t<\/div>\n\t\t<\/div>\n\t\t\t\t<div class=\"elementor-column elementor-col-33 elementor-inner-column elementor-element elementor-element-765970a5\" data-id=\"765970a5\" data-element_type=\"column\" data-e-type=\"column\">\n\t\t\t<div class=\"elementor-widget-wrap elementor-element-populated\">\n\t\t\t\t\t\t<div class=\"elementor-element elementor-element-395fd07e elementor-widget elementor-widget-image\" data-id=\"395fd07e\" data-element_type=\"widget\" data-e-type=\"widget\" data-widget_type=\"image.default\">\n\t\t\t\t\t\t\t\t\t\t\t\t\t\t\t<img loading=\"lazy\" decoding=\"async\" width=\"1280\" height=\"960\" src=\"https:\/\/fjallspirit.com\/wp-content\/uploads\/2025\/03\/P1010939.jpg\" class=\"attachment-full size-full wp-image-1191\" alt=\"\" srcset=\"https:\/\/fjallspirit.com\/wp-content\/uploads\/2025\/03\/P1010939.jpg 1280w, https:\/\/fjallspirit.com\/wp-content\/uploads\/2025\/03\/P1010939-300x225.jpg 300w, https:\/\/fjallspirit.com\/wp-content\/uploads\/2025\/03\/P1010939-1024x768.jpg 1024w, https:\/\/fjallspirit.com\/wp-content\/uploads\/2025\/03\/P1010939-768x576.jpg 768w\" sizes=\"(max-width: 1280px) 100vw, 1280px\" \/>\t\t\t\t\t\t\t\t\t\t\t\t\t\t\t<\/div>\n\t\t\t\t\t<\/div>\n\t\t<\/div>\n\t\t\t\t<div class=\"elementor-column elementor-col-33 elementor-inner-column elementor-element elementor-element-d8b6766\" data-id=\"d8b6766\" data-element_type=\"column\" data-e-type=\"column\">\n\t\t\t<div class=\"elementor-widget-wrap elementor-element-populated\">\n\t\t\t\t\t\t<div class=\"elementor-element elementor-element-3f45e4a3 elementor-widget elementor-widget-image\" data-id=\"3f45e4a3\" data-element_type=\"widget\" data-e-type=\"widget\" data-widget_type=\"image.default\">\n\t\t\t\t\t\t\t\t\t\t\t\t\t\t\t<img loading=\"lazy\" decoding=\"async\" width=\"800\" height=\"530\" src=\"https:\/\/fjallspirit.com\/wp-content\/uploads\/2025\/02\/Fjallspirit1.jpg\" class=\"attachment-full size-full wp-image-996\" alt=\"\" srcset=\"https:\/\/fjallspirit.com\/wp-content\/uploads\/2025\/02\/Fjallspirit1.jpg 800w, https:\/\/fjallspirit.com\/wp-content\/uploads\/2025\/02\/Fjallspirit1-300x199.jpg 300w, https:\/\/fjallspirit.com\/wp-content\/uploads\/2025\/02\/Fjallspirit1-768x509.jpg 768w\" sizes=\"(max-width: 800px) 100vw, 800px\" \/>\t\t\t\t\t\t\t\t\t\t\t\t\t\t\t<\/div>\n\t\t\t\t\t<\/div>\n\t\t<\/div>\n\t\t\t\t\t<\/div>\n\t\t<\/section>\n\t\t\t\t<div class=\"elementor-element elementor-element-379e770 elementor-align-center elementor-widget__width-auto elementor-widget elementor-widget-button\" data-id=\"379e770\" data-element_type=\"widget\" data-e-type=\"widget\" data-widget_type=\"button.default\">\n\t\t\t\t\t\t\t\t\t\t<a class=\"elementor-button elementor-button-link elementor-size-sm\" href=\"https:\/\/www.facebook.com\/fjallspirit\/\">\n\t\t\t\t\t\t<span class=\"elementor-button-content-wrapper\">\n\t\t\t\t\t\t<span class=\"elementor-button-icon\">\n\t\t\t\t<svg aria-hidden=\"true\" class=\"e-font-icon-svg e-fab-facebook\" viewBox=\"0 0 512 512\" xmlns=\"http:\/\/www.w3.org\/2000\/svg\"><path d=\"M504 256C504 119 393 8 256 8S8 119 8 256c0 123.78 90.69 226.38 209.25 245V327.69h-63V256h63v-54.64c0-62.15 37-96.48 93.67-96.48 27.14 0 55.52 4.84 55.52 4.84v61h-31.28c-30.8 0-40.41 19.12-40.41 38.73V256h68.78l-11 71.69h-57.78V501C413.31 482.38 504 379.78 504 256z\"><\/path><\/svg>\t\t\t<\/span>\n\t\t\t\t\t\t\t\t\t<span class=\"elementor-button-text\">Facebook<\/span>\n\t\t\t\t\t<\/span>\n\t\t\t\t\t<\/a>\n\t\t\t\t\t\t\t\t<\/div>\n\t\t\t\t<div class=\"elementor-element elementor-element-74d27f9c elementor-align-center elementor-widget__width-auto elementor-widget elementor-widget-button\" data-id=\"74d27f9c\" data-element_type=\"widget\" data-e-type=\"widget\" data-widget_type=\"button.default\">\n\t\t\t\t\t\t\t\t\t\t<a class=\"elementor-button elementor-button-link elementor-size-sm\" href=\"https:\/\/www.instagram.com\/fjallspirit_outdoor\/\" target=\"_blank\">\n\t\t\t\t\t\t<span class=\"elementor-button-content-wrapper\">\n\t\t\t\t\t\t<span class=\"elementor-button-icon\">\n\t\t\t\t<svg aria-hidden=\"true\" class=\"e-font-icon-svg e-fab-instagram\" viewBox=\"0 0 448 512\" xmlns=\"http:\/\/www.w3.org\/2000\/svg\"><path d=\"M224.1 141c-63.6 0-114.9 51.3-114.9 114.9s51.3 114.9 114.9 114.9S339 319.5 339 255.9 287.7 141 224.1 141zm0 189.6c-41.1 0-74.7-33.5-74.7-74.7s33.5-74.7 74.7-74.7 74.7 33.5 74.7 74.7-33.6 74.7-74.7 74.7zm146.4-194.3c0 14.9-12 26.8-26.8 26.8-14.9 0-26.8-12-26.8-26.8s12-26.8 26.8-26.8 26.8 12 26.8 26.8zm76.1 27.2c-1.7-35.9-9.9-67.7-36.2-93.9-26.2-26.2-58-34.4-93.9-36.2-37-2.1-147.9-2.1-184.9 0-35.8 1.7-67.6 9.9-93.9 36.1s-34.4 58-36.2 93.9c-2.1 37-2.1 147.9 0 184.9 1.7 35.9 9.9 67.7 36.2 93.9s58 34.4 93.9 36.2c37 2.1 147.9 2.1 184.9 0 35.9-1.7 67.7-9.9 93.9-36.2 26.2-26.2 34.4-58 36.2-93.9 2.1-37 2.1-147.8 0-184.8zM398.8 388c-7.8 19.6-22.9 34.7-42.6 42.6-29.5 11.7-99.5 9-132.1 9s-102.7 2.6-132.1-9c-19.6-7.8-34.7-22.9-42.6-42.6-11.7-29.5-9-99.5-9-132.1s-2.6-102.7 9-132.1c7.8-19.6 22.9-34.7 42.6-42.6 29.5-11.7 99.5-9 132.1-9s102.7-2.6 132.1 9c19.6 7.8 34.7 22.9 42.6 42.6 11.7 29.5 9 99.5 9 132.1s2.7 102.7-9 132.1z\"><\/path><\/svg>\t\t\t<\/span>\n\t\t\t\t\t\t\t\t\t<span class=\"elementor-button-text\">Instagram<\/span>\n\t\t\t\t\t<\/span>\n\t\t\t\t\t<\/a>\n\t\t\t\t\t\t\t\t<\/div>\n\t\t\t\t\t<\/div>\n\t\t<\/div>\n\t\t\t\t\t<\/div>\n\t\t<\/section>\n\t\t\t\t<\/div>\n\t\t","protected":false},"excerpt":{"rendered":"<p>Unterk\u00fcnfte Genie\u00dfen Sie einen gem\u00fctlichen und entspannten Urlaub in unseren typisch schwedischen Ferienh\u00e4usern auf unserer Huskyfarm. Mit direktem Zugang zum See, zu Wanderwegen und Schneemobilrouten sind unsere Ferienh\u00e4user der ideale Ort, um die Sch\u00f6nheit der Natur zu erleben. Unsere Ferienh\u00e4user Unsere k\u00fcrzlich renovierten Cottages bieten alles, was Sie f\u00fcr einen komfortablen Aufenthalt ben\u00f6tigen. Jedes Cottage [&hellip;]<\/p>\n","protected":false},"author":1,"featured_media":0,"parent":0,"menu_order":0,"comment_status":"closed","ping_status":"closed","template":"","meta":{"footnotes":""},"class_list":["post-1343","page","type-page","status-publish","hentry"],"_links":{"self":[{"href":"https:\/\/fjallspirit.com\/de\/wp-json\/wp\/v2\/pages\/1343","targetHints":{"allow":["GET"]}}],"collection":[{"href":"https:\/\/fjallspirit.com\/de\/wp-json\/wp\/v2\/pages"}],"about":[{"href":"https:\/\/fjallspirit.com\/de\/wp-json\/wp\/v2\/types\/page"}],"author":[{"embeddable":true,"href":"https:\/\/fjallspirit.com\/de\/wp-json\/wp\/v2\/users\/1"}],"replies":[{"embeddable":true,"href":"https:\/\/fjallspirit.com\/de\/wp-json\/wp\/v2\/comments?post=1343"}],"version-history":[{"count":4,"href":"https:\/\/fjallspirit.com\/de\/wp-json\/wp\/v2\/pages\/1343\/revisions"}],"predecessor-version":[{"id":1672,"href":"https:\/\/fjallspirit.com\/de\/wp-json\/wp\/v2\/pages\/1343\/revisions\/1672"}],"wp:attachment":[{"href":"https:\/\/fjallspirit.com\/de\/wp-json\/wp\/v2\/media?parent=1343"}],"curies":[{"name":"wp","href":"https:\/\/api.w.org\/{rel}","templated":true}]}}